{"id":311,"date":"2025-06-27T09:26:56","date_gmt":"2025-06-27T15:26:56","guid":{"rendered":"https:\/\/amerclub.com\/escuelainglescuernavaca\/?page_id=311"},"modified":"2025-07-06T19:41:13","modified_gmt":"2025-07-07T01:41:13","slug":"instalaciones","status":"publish","type":"page","link":"https:\/\/amerclub.com\/escuelainglescuernavaca\/instalaciones\/","title":{"rendered":"Instalaciones"},"content":{"rendered":"<p>[et_pb_section fb_built=\u00bb1&#8243; _builder_version=\u00bb4.27.4&#8243; _module_preset=\u00bbdefault\u00bb custom_padding=\u00bb70px|||||\u00bb da_disable_devices=\u00bboff|off|off\u00bb global_colors_info=\u00bb{}\u00bb da_is_popup=\u00bboff\u00bb da_exit_intent=\u00bboff\u00bb da_has_close=\u00bbon\u00bb da_alt_close=\u00bboff\u00bb da_dark_close=\u00bboff\u00bb da_not_modal=\u00bbon\u00bb da_is_singular=\u00bboff\u00bb da_with_loader=\u00bboff\u00bb da_has_shadow=\u00bbon\u00bb][et_pb_row _builder_version=\u00bb4.27.4&#8243; _module_preset=\u00bbdefault\u00bb custom_margin=\u00bb-28px|auto||auto||\u00bb custom_padding=\u00bb11px|||||\u00bb global_colors_info=\u00bb{}\u00bb][et_pb_column type=\u00bb4_4&#8243; _builder_version=\u00bb4.27.4&#8243; _module_preset=\u00bbdefault\u00bb global_colors_info=\u00bb{}\u00bb][et_pb_text _builder_version=\u00bb4.27.4&#8243; _module_preset=\u00bbdefault\u00bb custom_margin=\u00bb||12px|||\u00bb global_colors_info=\u00bb{}\u00bb]<\/p>\n<p>Para desplazarse en cualquier direcci\u00f3n hacer click sobre la imagen mantener pulsado el bot\u00f3n izquierdo del rat\u00f3n, zoom con la rueda central.<br \/>En dispositivos m\u00f3viles pulsar la imagen y moverse libremente.<\/p>\n<p>[\/et_pb_text][et_pb_text _builder_version=\u00bb4.27.4&#8243; _module_preset=\u00bbdefault\u00bb hover_enabled=\u00bb0&#8243; global_colors_info=\u00bb{}\u00bb sticky_enabled=\u00bb0&#8243;]<\/p>\n<p style=\"text-align: center;\"><iframe loading=\"lazy\" src=\"https:\/\/estudiofotograficocuernavaca.com\/morelos\/ipanorama\/virtualtour\/11\" width=\"80%\" height=\"500\" frameborder=\"0\" allowfullscreen=\"allowfullscreen\"><\/iframe><\/p>\n<p>[\/et_pb_text][\/et_pb_column][\/et_pb_row][et_pb_row admin_label=\u00bbicono flotante\u00bb _builder_version=\u00bb4.27.4&#8243; _module_preset=\u00bbdefault\u00bb global_colors_info=\u00bb{}\u00bb][et_pb_column type=\u00bb4_4&#8243; _builder_version=\u00bb4.27.4&#8243; _module_preset=\u00bbdefault\u00bb global_colors_info=\u00bb{}\u00bb][et_pb_icon font_icon=\u00bb&#xf232;||fa||400&#8243; icon_color=\u00bb#ff0000&#8243; icon_width=\u00bb60px\u00bb url=\u00bbhttps:\/\/api.whatsapp.com\/send?phone=527773053541&#038;text=Hola,%20entr%C3%A9%20a%20tu%20sitio%20y%20quiero%20informes\u00bb admin_label=\u00bbIcono de Whats app\u00bb _builder_version=\u00bb4.27.4&#8243; _module_preset=\u00bbdefault\u00bb positioning=\u00bbfixed\u00bb position_origin_f=\u00bbcenter_right\u00bb horizontal_offset=\u00bb25px\u00bb z_index=\u00bb12&#8243; animation_style=\u00bbroll\u00bb animation_duration=\u00bb1500ms\u00bb animation_delay=\u00bb250ms\u00bb global_colors_info=\u00bb{}\u00bb][\/et_pb_icon][\/et_pb_column][\/et_pb_row][\/et_pb_section]<\/p>\n","protected":false},"excerpt":{"rendered":"<p>Para desplazarse en cualquier direcci\u00f3n hacer click sobre la imagen mantener pulsado el bot\u00f3n izquierdo del rat\u00f3n, zoom con la rueda central.En dispositivos m\u00f3viles pulsar la imagen y moverse libremente.<\/p>\n","protected":false},"author":1,"featured_media":0,"parent":0,"menu_order":0,"comment_status":"closed","ping_status":"closed","template":"","meta":{"_et_pb_use_builder":"on","_et_pb_old_content":"","_et_gb_content_width":"","footnotes":""},"class_list":["post-311","page","type-page","status-publish","hentry"],"_links":{"self":[{"href":"https:\/\/amerclub.com\/escuelainglescuernavaca\/wp-json\/wp\/v2\/pages\/311","targetHints":{"allow":["GET"]}}],"collection":[{"href":"https:\/\/amerclub.com\/escuelainglescuernavaca\/wp-json\/wp\/v2\/pages"}],"about":[{"href":"https:\/\/amerclub.com\/escuelainglescuernavaca\/wp-json\/wp\/v2\/types\/page"}],"author":[{"embeddable":true,"href":"https:\/\/amerclub.com\/escuelainglescuernavaca\/wp-json\/wp\/v2\/users\/1"}],"replies":[{"embeddable":true,"href":"https:\/\/amerclub.com\/escuelainglescuernavaca\/wp-json\/wp\/v2\/comments?post=311"}],"version-history":[{"count":6,"href":"https:\/\/amerclub.com\/escuelainglescuernavaca\/wp-json\/wp\/v2\/pages\/311\/revisions"}],"predecessor-version":[{"id":379,"href":"https:\/\/amerclub.com\/escuelainglescuernavaca\/wp-json\/wp\/v2\/pages\/311\/revisions\/379"}],"wp:attachment":[{"href":"https:\/\/amerclub.com\/escuelainglescuernavaca\/wp-json\/wp\/v2\/media?parent=311"}],"curies":[{"name":"wp","href":"https:\/\/api.w.org\/{rel}","templated":true}]}}