{"id":287,"date":"2025-06-26T20:45:09","date_gmt":"2025-06-27T02:45:09","guid":{"rendered":"https:\/\/amerclub.com\/escuelainglescuernavaca\/?page_id=287"},"modified":"2025-06-27T09:31:56","modified_gmt":"2025-06-27T15:31:56","slug":"especiales","status":"publish","type":"page","link":"https:\/\/amerclub.com\/escuelainglescuernavaca\/especiales\/","title":{"rendered":"Especiales"},"content":{"rendered":"<p>[et_pb_section fb_built=\u00bb1&#8243; admin_label=\u00bbSecci\u00f3n Especiales\u00bb _builder_version=\u00bb4.27.4&#8243; _module_preset=\u00bbdefault\u00bb background_color=\u00bb#cccccc\u00bb da_disable_devices=\u00bboff|off|off\u00bb global_colors_info=\u00bb{}\u00bb da_is_popup=\u00bboff\u00bb da_exit_intent=\u00bboff\u00bb da_has_close=\u00bbon\u00bb da_alt_close=\u00bboff\u00bb da_dark_close=\u00bboff\u00bb da_not_modal=\u00bbon\u00bb da_is_singular=\u00bboff\u00bb da_with_loader=\u00bboff\u00bb da_has_shadow=\u00bbon\u00bb][et_pb_row column_structure=\u00bb1_3,1_3,1_3&#8243; admin_label=\u00bbcursos \u00bb _builder_version=\u00bb4.27.4&#8243; _module_preset=\u00bbdefault\u00bb background_enable_color=\u00bboff\u00bb global_colors_info=\u00bb{}\u00bb][et_pb_column type=\u00bb1_3&#8243; _builder_version=\u00bb4.27.4&#8243; _module_preset=\u00bbdefault\u00bb background_color=\u00bb#FFFFFF\u00bb custom_padding=\u00bb10px|10px|10px|10px|false|false\u00bb global_colors_info=\u00bb{}\u00bb][et_pb_image src=\u00bbhttps:\/\/amerclub.com\/escuelainglescuernavaca\/wp-content\/uploads\/2025\/06\/conversacion.jpg\u00bb title_text=\u00bbconversacion\u00bb admin_label=\u00bbImagen conversacion\u00bb _builder_version=\u00bb4.27.4&#8243; _module_preset=\u00bbdefault\u00bb animation_style=\u00bbzoom\u00bb global_colors_info=\u00bb{}\u00bb][\/et_pb_image][et_pb_text admin_label=\u00bbTexto conversacion\u00bb _builder_version=\u00bb4.27.4&#8243; _module_preset=\u00bbdefault\u00bb header_4_font=\u00bb|600|||||||\u00bb header_5_font=\u00bb|600|||||||\u00bb animation_style=\u00bbslide\u00bb animation_direction=\u00bbtop\u00bb animation_delay=\u00bb250ms\u00bb global_colors_info=\u00bb{}\u00bb]<\/p>\n<h5>Clases de Conversaci\u00f3n<\/h5>\n<p>Esta escuela ofrece un curso especial <strong>para estudiantes con nivel intermedio y avanzado<\/strong> de ingl\u00e9s que deseen poner en pr\u00e1ctica sus conocimientos en el idioma.<\/p>\n<p>[\/et_pb_text][et_pb_button button_url=\u00bbhttps:\/\/api.whatsapp.com\/send?phone=527773053541&#038;text=Hola,%20entr%C3%A9%20a%20tu%20sitio%20y%20quiero%20informes\u00bb button_text=\u00bbMas informaci\u00f3n\u00bb button_alignment=\u00bbcenter\u00bb admin_label=\u00bbBot\u00f3n m\u00e1s informacion\u00bb _builder_version=\u00bb4.27.4&#8243; _module_preset=\u00bbdefault\u00bb custom_button=\u00bbon\u00bb custom_margin=\u00bb||10px||false|false\u00bb animation_style=\u00bbroll\u00bb global_colors_info=\u00bb{}\u00bb][\/et_pb_button][\/et_pb_column][et_pb_column type=\u00bb1_3&#8243; _builder_version=\u00bb4.27.4&#8243; _module_preset=\u00bbdefault\u00bb background_color=\u00bb#FFFFFF\u00bb custom_padding=\u00bb10px|10px|10px|10px|true|true\u00bb global_colors_info=\u00bb{}\u00bb][et_pb_image src=\u00bbhttps:\/\/amerclub.com\/escuelainglescuernavaca\/wp-content\/uploads\/2025\/06\/clases-en-linea.jpg\u00bb title_text=\u00bbclases-en-linea\u00bb admin_label=\u00bbImagen cursos linea\u00bb _builder_version=\u00bb4.27.4&#8243; _module_preset=\u00bbdefault\u00bb animation_style=\u00bbzoom\u00bb animation_delay=\u00bb250ms\u00bb global_colors_info=\u00bb{}\u00bb][\/et_pb_image][et_pb_text admin_label=\u00bbTexto cursos en linea\u00bb _builder_version=\u00bb4.27.4&#8243; _module_preset=\u00bbdefault\u00bb header_5_font=\u00bb|600|||||||\u00bb animation_style=\u00bbslide\u00bb animation_direction=\u00bbtop\u00bb animation_delay=\u00bb500ms\u00bb global_colors_info=\u00bb{}\u00bb]<\/p>\n<h5>Clases Particulares<\/h5>\n<p><strong>Para estudiantes ya inscritos<\/strong>, se otorgan clases de regularizaci\u00f3n o preparaci\u00f3n para ex\u00e1menes con un costo extra.<br \/><strong>Curso regular<\/strong> American English Course individual <strong>en l\u00ednea<\/strong> (flexible) <strong>o presencial<\/strong> (de acuerdo a la disponibilidad de las\/los maestras(os).<\/p>\n<p>[\/et_pb_text][\/et_pb_column][et_pb_column type=\u00bb1_3&#8243; _builder_version=\u00bb4.27.4&#8243; _module_preset=\u00bbdefault\u00bb background_color=\u00bb#FFFFFF\u00bb custom_padding=\u00bb10px|10px|10px|10px|true|true\u00bb global_colors_info=\u00bb{}\u00bb][et_pb_image src=\u00bbhttps:\/\/amerclub.com\/escuelainglescuernavaca\/wp-content\/uploads\/2025\/06\/cursos-de-capacitacion-para-empresas.jpg\u00bb title_text=\u00bbcursos-de-capacitacion-para-empresas\u00bb admin_label=\u00bbImagen empresas\u00bb _builder_version=\u00bb4.27.4&#8243; _module_preset=\u00bbdefault\u00bb animation_style=\u00bbzoom\u00bb animation_delay=\u00bb500ms\u00bb global_colors_info=\u00bb{}\u00bb][\/et_pb_image][et_pb_text admin_label=\u00bbTexto empresas\u00bb _builder_version=\u00bb4.27.4&#8243; _module_preset=\u00bbdefault\u00bb header_5_font=\u00bb|600|||||||\u00bb animation_style=\u00bbslide\u00bb animation_direction=\u00bbtop\u00bb animation_delay=\u00bb750ms\u00bb global_colors_info=\u00bb{}\u00bb]<\/p>\n<h5>Cursos para empresas<\/h5>\n<p>Regularmente los impartimos en nuestras instalaciones, pero podemos hacerlo en su empresa, en grupos o de manera individual y con flexibilidad de horarios. Previa entrevista y evaluaci\u00f3n, <strong>optimizamos los grupos<\/strong> de trabajo en cuanto a nivel, contenidos, n\u00famero de integrantes, etc. <strong>para conseguir los mejores resultados en el m\u00e1s corto plazo<\/strong>.<\/p>\n<p>[\/et_pb_text][\/et_pb_column][\/et_pb_row][et_pb_row _builder_version=\u00bb4.27.4&#8243; _module_preset=\u00bbdefault\u00bb global_colors_info=\u00bb{}\u00bb][et_pb_column type=\u00bb4_4&#8243; _builder_version=\u00bb4.27.4&#8243; _module_preset=\u00bbdefault\u00bb global_colors_info=\u00bb{}\u00bb][et_pb_heading title=\u00bbAlgunos Reconocimientos\u00bb _builder_version=\u00bb4.27.4&#8243; _module_preset=\u00bbdefault\u00bb title_level=\u00bbh2&#8243; title_font=\u00bb|700|||||||\u00bb title_text_align=\u00bbcenter\u00bb title_text_color=\u00bb#000088&#8243; background_color=\u00bb#FFFFFF\u00bb custom_margin=\u00bb0px||||false|false\u00bb custom_padding=\u00bb4px||||false|false\u00bb animation_style=\u00bbroll\u00bb title_text_shadow_style=\u00bbpreset1&#8243; box_shadow_style=\u00bbpreset1&#8243; global_colors_info=\u00bb{}\u00bb][\/et_pb_heading][\/et_pb_column][\/et_pb_row][et_pb_row admin_label=\u00bbReconocimientos\u00bb _builder_version=\u00bb4.27.4&#8243; _module_preset=\u00bbdefault\u00bb global_colors_info=\u00bb{}\u00bb][et_pb_column type=\u00bb4_4&#8243; _builder_version=\u00bb4.27.4&#8243; _module_preset=\u00bbdefault\u00bb global_colors_info=\u00bb{}\u00bb][et_pb_gallery gallery_ids=\u00bb299,298,300,301,297&#8243; posts_number=\u00bb6&#8243; orientation=\u00bbportrait\u00bb show_title_and_caption=\u00bboff\u00bb show_pagination=\u00bboff\u00bb hover_overlay_color=\u00bbRGBA(255,255,255,0)\u00bb hover_icon=\u00bb&#x54;||divi||400&#8243; admin_label=\u00bbGaler\u00eda reconocimientos\u00bb _builder_version=\u00bb4.27.4&#8243; _module_preset=\u00bbdefault\u00bb module_alignment=\u00bbcenter\u00bb custom_margin=\u00bb10px|10px|10px|10px|true|true\u00bb border_radii_image=\u00bbon|10px|10px|10px|10px\u00bb box_shadow_style_image=\u00bbpreset2&#8243; box_shadow_horizontal_image=\u00bb-6px\u00bb global_colors_info=\u00bb{}\u00bb][\/et_pb_gallery][\/et_pb_column][\/et_pb_row][et_pb_row admin_label=\u00bbicono flotante\u00bb _builder_version=\u00bb4.27.4&#8243; _module_preset=\u00bbdefault\u00bb collapsed=\u00bboff\u00bb global_colors_info=\u00bb{}\u00bb][et_pb_column type=\u00bb4_4&#8243; _builder_version=\u00bb4.27.4&#8243; _module_preset=\u00bbdefault\u00bb global_colors_info=\u00bb{}\u00bb][et_pb_icon font_icon=\u00bb&#xf232;||fa||400&#8243; icon_width=\u00bb60px\u00bb url=\u00bbhttps:\/\/api.whatsapp.com\/send?phone=527773053541&#038;text=Hola,%20entr%C3%A9%20a%20tu%20sitio%20y%20quiero%20informes\u00bb admin_label=\u00bbIcono de Whats app\u00bb _builder_version=\u00bb4.27.4&#8243; _module_preset=\u00bbdefault\u00bb positioning=\u00bbfixed\u00bb position_origin_f=\u00bbcenter_right\u00bb horizontal_offset=\u00bb25px\u00bb z_index=\u00bb12&#8243; animation_style=\u00bbroll\u00bb animation_duration=\u00bb1500ms\u00bb animation_delay=\u00bb250ms\u00bb hover_enabled=\u00bb0&#8243; global_colors_info=\u00bb{}\u00bb icon_color=\u00bb#ff0000&#8243; sticky_enabled=\u00bb0&#8243;][\/et_pb_icon][\/et_pb_column][\/et_pb_row][\/et_pb_section]<\/p>\n","protected":false},"excerpt":{"rendered":"<p>Clases de Conversaci\u00f3n Esta escuela ofrece un curso especial para estudiantes con nivel intermedio y avanzado de ingl\u00e9s que deseen poner en pr\u00e1ctica sus conocimientos en el idioma.Clases Particulares Para estudiantes ya inscritos, se otorgan clases de regularizaci\u00f3n o preparaci\u00f3n para ex\u00e1menes con un costo extra.Curso regular American English Course individual en l\u00ednea (flexible) o [&hellip;]<\/p>\n","protected":false},"author":1,"featured_media":0,"parent":0,"menu_order":0,"comment_status":"closed","ping_status":"closed","template":"","meta":{"_et_pb_use_builder":"on","_et_pb_old_content":"","_et_gb_content_width":"","footnotes":""},"class_list":["post-287","page","type-page","status-publish","hentry"],"_links":{"self":[{"href":"https:\/\/amerclub.com\/escuelainglescuernavaca\/wp-json\/wp\/v2\/pages\/287","targetHints":{"allow":["GET"]}}],"collection":[{"href":"https:\/\/amerclub.com\/escuelainglescuernavaca\/wp-json\/wp\/v2\/pages"}],"about":[{"href":"https:\/\/amerclub.com\/escuelainglescuernavaca\/wp-json\/wp\/v2\/types\/page"}],"author":[{"embeddable":true,"href":"https:\/\/amerclub.com\/escuelainglescuernavaca\/wp-json\/wp\/v2\/users\/1"}],"replies":[{"embeddable":true,"href":"https:\/\/amerclub.com\/escuelainglescuernavaca\/wp-json\/wp\/v2\/comments?post=287"}],"version-history":[{"count":8,"href":"https:\/\/amerclub.com\/escuelainglescuernavaca\/wp-json\/wp\/v2\/pages\/287\/revisions"}],"predecessor-version":[{"id":320,"href":"https:\/\/amerclub.com\/escuelainglescuernavaca\/wp-json\/wp\/v2\/pages\/287\/revisions\/320"}],"wp:attachment":[{"href":"https:\/\/amerclub.com\/escuelainglescuernavaca\/wp-json\/wp\/v2\/media?parent=287"}],"curies":[{"name":"wp","href":"https:\/\/api.w.org\/{rel}","templated":true}]}}