{"id":94,"date":"2014-06-28T21:24:32","date_gmt":"2014-06-28T21:24:32","guid":{"rendered":"http:\/\/amerclub.com\/escueladeingles\/?page_id=94"},"modified":"2025-06-19T18:17:20","modified_gmt":"2025-06-20T00:17:20","slug":"cursos-sabatinos-para-jovenes-y-adultos","status":"publish","type":"page","link":"https:\/\/amerclub.com\/escueladeingles\/cursos\/cursos-sabatinos-para-jovenes-y-adultos\/","title":{"rendered":"Cursos Sabatinos para J\u00f3venes y Adultos"},"content":{"rendered":"<h4><span style=\"color: #0000ff;\"><strong>NUEVO GRUPO INICIA 12 DE JULIO, 2025<\/strong><\/span><\/h4>\n<p>El curso sabatino est\u00e1 dise\u00f1ado especialmente para las personas que tienen sus horarios cubiertos durante la semana. Se trabajan dos m\u00f3dulos de 2 horas cada uno. Tienen un receso de media hora. Los estudiantes trabajan con los libros del curso normal, utilizan diversos materiales did\u00e1cticos como libros de apoyo, posters, juegos y audios; tambi\u00e9n cuentan con uso de pantallas inteligentes y proyector, donde pueden trabajar de manera m\u00e1s interactiva y divertida.<\/p>\n<p>El horario es de<strong> 9:00 am a 1:30 pm.\u00a0<\/strong><\/p>\n<p><img loading=\"lazy\" class=\"aligncenter wp-image-1281 size-full\" src=\"http:\/\/amerclub.com\/escueladeingles\/wp-content\/uploads\/2024\/07\/THIS-ONE.jpeg\" alt=\"BEST STUDENTS! 2023-2024\" width=\"1600\" height=\"1066\" srcset=\"https:\/\/amerclub.com\/escueladeingles\/wp-content\/uploads\/2024\/07\/THIS-ONE.jpeg 1600w, https:\/\/amerclub.com\/escueladeingles\/wp-content\/uploads\/2024\/07\/THIS-ONE-300x200.jpeg 300w, https:\/\/amerclub.com\/escueladeingles\/wp-content\/uploads\/2024\/07\/THIS-ONE-1024x682.jpeg 1024w, https:\/\/amerclub.com\/escueladeingles\/wp-content\/uploads\/2024\/07\/THIS-ONE-768x512.jpeg 768w, https:\/\/amerclub.com\/escueladeingles\/wp-content\/uploads\/2024\/07\/THIS-ONE-1536x1023.jpeg 1536w\" sizes=\"(max-width: 1600px) 100vw, 1600px\" \/><\/p>\n<p><img loading=\"lazy\" class=\"size-full wp-image-446 alignnone\" src=\"http:\/\/amerclub.com\/escueladeingles\/wp-content\/uploads\/2019\/06\/IMG_3829.jpg\" alt=\"\" width=\"3888\" height=\"1588\" srcset=\"https:\/\/amerclub.com\/escueladeingles\/wp-content\/uploads\/2019\/06\/IMG_3829.jpg 3888w, https:\/\/amerclub.com\/escueladeingles\/wp-content\/uploads\/2019\/06\/IMG_3829-300x123.jpg 300w, https:\/\/amerclub.com\/escueladeingles\/wp-content\/uploads\/2019\/06\/IMG_3829-768x314.jpg 768w, https:\/\/amerclub.com\/escueladeingles\/wp-content\/uploads\/2019\/06\/IMG_3829-1024x418.jpg 1024w\" sizes=\"(max-width: 3888px) 100vw, 3888px\" \/><\/p>\n","protected":false},"excerpt":{"rendered":"<p>NUEVO GRUPO INICIA 12 DE JULIO, 2025 El curso sabatino est\u00e1 dise\u00f1ado especialmente para las personas que tienen sus horarios cubiertos durante la semana. Se trabajan dos m\u00f3dulos de 2 horas cada uno. Tienen un receso de media hora. Los &hellip; <a href=\"https:\/\/amerclub.com\/escueladeingles\/cursos\/cursos-sabatinos-para-jovenes-y-adultos\/\">Continued<\/a><\/p>\n","protected":false},"author":1,"featured_media":0,"parent":123,"menu_order":0,"comment_status":"closed","ping_status":"closed","template":"","meta":{"kt_blocks_editor_width":""},"kb_featured_image_src_large":false,"kb_author_info":{"display_name":"admin","author_link":"https:\/\/amerclub.com\/escueladeingles\/author\/admin\/","author_image":"https:\/\/secure.gravatar.com\/avatar\/fccfe3b752fc514b34d218794eeefff3?s=96&d=mm&r=g"},"kb_comment_info":0,"_links":{"self":[{"href":"https:\/\/amerclub.com\/escueladeingles\/wp-json\/wp\/v2\/pages\/94"}],"collection":[{"href":"https:\/\/amerclub.com\/escueladeingles\/wp-json\/wp\/v2\/pages"}],"about":[{"href":"https:\/\/amerclub.com\/escueladeingles\/wp-json\/wp\/v2\/types\/page"}],"author":[{"embeddable":true,"href":"https:\/\/amerclub.com\/escueladeingles\/wp-json\/wp\/v2\/users\/1"}],"replies":[{"embeddable":true,"href":"https:\/\/amerclub.com\/escueladeingles\/wp-json\/wp\/v2\/comments?post=94"}],"version-history":[{"count":36,"href":"https:\/\/amerclub.com\/escueladeingles\/wp-json\/wp\/v2\/pages\/94\/revisions"}],"predecessor-version":[{"id":1437,"href":"https:\/\/amerclub.com\/escueladeingles\/wp-json\/wp\/v2\/pages\/94\/revisions\/1437"}],"up":[{"embeddable":true,"href":"https:\/\/amerclub.com\/escueladeingles\/wp-json\/wp\/v2\/pages\/123"}],"wp:attachment":[{"href":"https:\/\/amerclub.com\/escueladeingles\/wp-json\/wp\/v2\/media?parent=94"}],"curies":[{"name":"wp","href":"https:\/\/api.w.org\/{rel}","templated":true}]}}