{"id":92,"date":"2014-06-28T21:24:08","date_gmt":"2014-06-28T21:24:08","guid":{"rendered":"http:\/\/amerclub.com\/escueladeingles\/?page_id=92"},"modified":"2025-07-03T17:56:40","modified_gmt":"2025-07-03T23:56:40","slug":"cursos-de-ingles-para-jovenes-y-adultos","status":"publish","type":"page","link":"https:\/\/amerclub.com\/escueladeingles\/cursos\/cursos-de-ingles-para-jovenes-y-adultos\/","title":{"rendered":"Cursos de Ingl\u00e9s para J\u00f3venes y Adultos"},"content":{"rendered":"<a href=\"http:\/\/amerclub.com\/escueladeingles\/proximos-cursos\/\" class=\"btn button btn-shortcode kad-btn kad-btn-primary\" id=\"kadbtn326\" target=\"_self\" style=\"color:#FFF;\">\u00a1NUEVOS GRUPOS PARA J\u00d3VENES Y ADULTOS NIVEL PRINCIPIANTE!<\/a>\n<p style=\"text-align: justify;\"><img loading=\"lazy\" class=\"aligncenter wp-image-1421 size-full\" src=\"http:\/\/amerclub.com\/escueladeingles\/wp-content\/uploads\/2025\/06\/Diapositiva1.jpg\" alt=\"\" width=\"531\" height=\"675\" srcset=\"https:\/\/amerclub.com\/escueladeingles\/wp-content\/uploads\/2025\/06\/Diapositiva1.jpg 531w, https:\/\/amerclub.com\/escueladeingles\/wp-content\/uploads\/2025\/06\/Diapositiva1-236x300.jpg 236w\" sizes=\"(max-width: 531px) 100vw, 531px\" \/>Nuestros cursos combinan lo mejor de la metodolog\u00eda tradicional con lo m\u00e1s avanzado de la tecnolog\u00eda virtual. Los alumnos son divididos seg\u00fan su nivel y edad. Tenemos horarios para cada necesidad: intensivos, semi-intensivos, regulares y sabatinos. Tambi\u00e9n tenemos clases particulares y clases para grupos organizados.<\/p>\n<p style=\"text-align: justify;\">Nuestros cursos completos (desde el nivel inicial) tienen una duraci\u00f3n de a\u00f1o y medio hasta tres a\u00f1os y medio, dependiendo del horario que escojan. Si tienes conocimientos, puedes presentar un examen de colocaci\u00f3n e iniciar en un nivel intermedio o avanzado; as\u00ed el curso te llevar\u00e1 menos tiempo. Al terminar el curso de j\u00f3venes y adultos se obtiene el diploma del AMERICAN ENGLISH CLUB, con validez oficial. Clave: 17PET0004G y RVOE TC97I08133.<\/p>\n<p style=\"text-align: justify;\">En este curso contamos con diez niveles, siendo el \u00faltimo la clase de conversaci\u00f3n en la cual los alumnos escriben un ensayo que exponen de manera oral a la directora y sus compa\u00f1eros. Es posible entrar en el nivel que tengas actualmente despu\u00e9s de presentar un examen de colocaci\u00f3n. Independientemente del nivel del alumno, las clases nunca son tediosas ni aburridas porque las reforzamos con videos, una extensa variedad de textos audiovisuales, CD\u00b4s, juegos educativos y pr\u00e1cticas de situaciones reales que desarrollan poco a poco tus habilidades de comunicaci\u00f3n en ingl\u00e9s.<\/p>\n<p><img loading=\"lazy\" class=\"aligncenter size-full wp-image-1434\" src=\"http:\/\/amerclub.com\/escueladeingles\/wp-content\/uploads\/2025\/06\/WhatsApp-Image-2025-06-16-at-6.41.38-PM.jpeg\" alt=\"\" width=\"1600\" height=\"1200\" srcset=\"https:\/\/amerclub.com\/escueladeingles\/wp-content\/uploads\/2025\/06\/WhatsApp-Image-2025-06-16-at-6.41.38-PM.jpeg 1600w, https:\/\/amerclub.com\/escueladeingles\/wp-content\/uploads\/2025\/06\/WhatsApp-Image-2025-06-16-at-6.41.38-PM-300x225.jpeg 300w, https:\/\/amerclub.com\/escueladeingles\/wp-content\/uploads\/2025\/06\/WhatsApp-Image-2025-06-16-at-6.41.38-PM-1024x768.jpeg 1024w, https:\/\/amerclub.com\/escueladeingles\/wp-content\/uploads\/2025\/06\/WhatsApp-Image-2025-06-16-at-6.41.38-PM-768x576.jpeg 768w, https:\/\/amerclub.com\/escueladeingles\/wp-content\/uploads\/2025\/06\/WhatsApp-Image-2025-06-16-at-6.41.38-PM-1536x1152.jpeg 1536w\" sizes=\"(max-width: 1600px) 100vw, 1600px\" \/><\/p>\n","protected":false},"excerpt":{"rendered":"<p>Nuestros cursos combinan lo mejor de la metodolog\u00eda tradicional con lo m\u00e1s avanzado de la tecnolog\u00eda virtual. Los alumnos son divididos seg\u00fan su nivel y edad. Tenemos horarios para cada necesidad: intensivos, semi-intensivos, regulares y sabatinos. Tambi\u00e9n tenemos clases particulares &hellip; <a href=\"https:\/\/amerclub.com\/escueladeingles\/cursos\/cursos-de-ingles-para-jovenes-y-adultos\/\">Continued<\/a><\/p>\n","protected":false},"author":1,"featured_media":0,"parent":123,"menu_order":0,"comment_status":"closed","ping_status":"closed","template":"","meta":{"kt_blocks_editor_width":""},"kb_featured_image_src_large":false,"kb_author_info":{"display_name":"admin","author_link":"https:\/\/amerclub.com\/escueladeingles\/author\/admin\/","author_image":"https:\/\/secure.gravatar.com\/avatar\/fccfe3b752fc514b34d218794eeefff3?s=96&d=mm&r=g"},"kb_comment_info":0,"_links":{"self":[{"href":"https:\/\/amerclub.com\/escueladeingles\/wp-json\/wp\/v2\/pages\/92"}],"collection":[{"href":"https:\/\/amerclub.com\/escueladeingles\/wp-json\/wp\/v2\/pages"}],"about":[{"href":"https:\/\/amerclub.com\/escueladeingles\/wp-json\/wp\/v2\/types\/page"}],"author":[{"embeddable":true,"href":"https:\/\/amerclub.com\/escueladeingles\/wp-json\/wp\/v2\/users\/1"}],"replies":[{"embeddable":true,"href":"https:\/\/amerclub.com\/escueladeingles\/wp-json\/wp\/v2\/comments?post=92"}],"version-history":[{"count":46,"href":"https:\/\/amerclub.com\/escueladeingles\/wp-json\/wp\/v2\/pages\/92\/revisions"}],"predecessor-version":[{"id":1448,"href":"https:\/\/amerclub.com\/escueladeingles\/wp-json\/wp\/v2\/pages\/92\/revisions\/1448"}],"up":[{"embeddable":true,"href":"https:\/\/amerclub.com\/escueladeingles\/wp-json\/wp\/v2\/pages\/123"}],"wp:attachment":[{"href":"https:\/\/amerclub.com\/escueladeingles\/wp-json\/wp\/v2\/media?parent=92"}],"curies":[{"name":"wp","href":"https:\/\/api.w.org\/{rel}","templated":true}]}}