{"id":90,"date":"2014-06-28T21:23:46","date_gmt":"2014-06-28T21:23:46","guid":{"rendered":"http:\/\/amerclub.com\/escueladeingles\/?page_id=90"},"modified":"2025-07-03T17:55:56","modified_gmt":"2025-07-03T23:55:56","slug":"cursos-de-ingles-para-ninos","status":"publish","type":"page","link":"https:\/\/amerclub.com\/escueladeingles\/cursos\/cursos-de-ingles-para-ninos\/","title":{"rendered":"Cursos de Ingl\u00e9s para Ni\u00f1os"},"content":{"rendered":"\n<p><\/p>\n\n\n<p>Las clases son participativas e interactivas y se usan los m\u00e1s modernos libros de texto con mucho color, que incluyen DVD&#8217;s para ver en casa. Tambi\u00e9n a los ni\u00f1os se les proporciona una amplia variedad de material auxiliar como son juegos educativos y programas interactivos en la computadora.<\/p>\n<p style=\"text-align: justify;\"><span style=\"font-weight: bold; color: #000055;\">Para ni\u00f1os<\/span><span style=\"color: #000055;\">\u00a0durante el a\u00f1o escolar tenemos <strong>clases de 4:30 a 6:00 p.m. dos d\u00edas a la semana<\/strong>: los lunes y mi\u00e9rcoles o los martes y jueves.<\/span><\/p>\n<h5>Comun\u00edcate con nosotros para m\u00e1s informaci\u00f3n 777 312 4391, 777 312 4976 &amp; 777 312 6379 Whatsapp: 777 305 3541<\/h5>\n<p><img loading=\"lazy\" class=\"aligncenter size-full wp-image-464\" src=\"http:\/\/amerclub.com\/escueladeingles\/wp-content\/uploads\/2019\/07\/IMG_9346-1.jpg\" alt=\"\" width=\"3888\" height=\"2210\" srcset=\"https:\/\/amerclub.com\/escueladeingles\/wp-content\/uploads\/2019\/07\/IMG_9346-1.jpg 3888w, https:\/\/amerclub.com\/escueladeingles\/wp-content\/uploads\/2019\/07\/IMG_9346-1-300x171.jpg 300w, https:\/\/amerclub.com\/escueladeingles\/wp-content\/uploads\/2019\/07\/IMG_9346-1-768x437.jpg 768w, https:\/\/amerclub.com\/escueladeingles\/wp-content\/uploads\/2019\/07\/IMG_9346-1-1024x582.jpg 1024w\" sizes=\"(max-width: 3888px) 100vw, 3888px\" \/><\/p>\n<h3 style=\"text-align: center;\">\u00a0<\/h3>","protected":false},"excerpt":{"rendered":"<p>Las clases son participativas e interactivas y se usan los m\u00e1s modernos libros de texto con mucho color, que incluyen DVD&#8217;s para ver en casa. Tambi\u00e9n a los ni\u00f1os se les proporciona una amplia variedad de material auxiliar como son &hellip; <a href=\"https:\/\/amerclub.com\/escueladeingles\/cursos\/cursos-de-ingles-para-ninos\/\">Continued<\/a><\/p>\n","protected":false},"author":1,"featured_media":0,"parent":123,"menu_order":0,"comment_status":"closed","ping_status":"closed","template":"","meta":{"kt_blocks_editor_width":""},"kb_featured_image_src_large":false,"kb_author_info":{"display_name":"admin","author_link":"https:\/\/amerclub.com\/escueladeingles\/author\/admin\/","author_image":"https:\/\/secure.gravatar.com\/avatar\/fccfe3b752fc514b34d218794eeefff3?s=96&d=mm&r=g"},"kb_comment_info":0,"_links":{"self":[{"href":"https:\/\/amerclub.com\/escueladeingles\/wp-json\/wp\/v2\/pages\/90"}],"collection":[{"href":"https:\/\/amerclub.com\/escueladeingles\/wp-json\/wp\/v2\/pages"}],"about":[{"href":"https:\/\/amerclub.com\/escueladeingles\/wp-json\/wp\/v2\/types\/page"}],"author":[{"embeddable":true,"href":"https:\/\/amerclub.com\/escueladeingles\/wp-json\/wp\/v2\/users\/1"}],"replies":[{"embeddable":true,"href":"https:\/\/amerclub.com\/escueladeingles\/wp-json\/wp\/v2\/comments?post=90"}],"version-history":[{"count":37,"href":"https:\/\/amerclub.com\/escueladeingles\/wp-json\/wp\/v2\/pages\/90\/revisions"}],"predecessor-version":[{"id":1447,"href":"https:\/\/amerclub.com\/escueladeingles\/wp-json\/wp\/v2\/pages\/90\/revisions\/1447"}],"up":[{"embeddable":true,"href":"https:\/\/amerclub.com\/escueladeingles\/wp-json\/wp\/v2\/pages\/123"}],"wp:attachment":[{"href":"https:\/\/amerclub.com\/escueladeingles\/wp-json\/wp\/v2\/media?parent=90"}],"curies":[{"name":"wp","href":"https:\/\/api.w.org\/{rel}","templated":true}]}}