{"id":87,"date":"2014-06-28T21:19:31","date_gmt":"2014-06-28T21:19:31","guid":{"rendered":"http:\/\/amerclub.com\/escueladeingles\/?page_id=87"},"modified":"2025-05-16T17:45:13","modified_gmt":"2025-05-16T23:45:13","slug":"clases-particulares","status":"publish","type":"page","link":"https:\/\/amerclub.com\/escueladeingles\/especiales\/clases-particulares\/","title":{"rendered":"Clases Particulares"},"content":{"rendered":"<p><img loading=\"lazy\" class=\"aligncenter size-full wp-image-511\" src=\"http:\/\/amerclub.com\/escueladeingles\/wp-content\/uploads\/2019\/10\/Private-Classes1.jpg\" alt=\"\" width=\"645\" height=\"430\" srcset=\"https:\/\/amerclub.com\/escueladeingles\/wp-content\/uploads\/2019\/10\/Private-Classes1.jpg 645w, https:\/\/amerclub.com\/escueladeingles\/wp-content\/uploads\/2019\/10\/Private-Classes1-300x200.jpg 300w\" sizes=\"(max-width: 645px) 100vw, 645px\" \/><\/p>\n<p>Ofrecemos clases particulares para su comodidad.<\/p>\n<ul>\n<li>Para estudiantes ya inscritos, se otorgan clases de regularizaci\u00f3n o preparaci\u00f3n para ex\u00e1menes con un costo extra.<\/li>\n<li>Curso regular American English Course individual en l\u00ednea (flexible) o presencial (de acuerdo a la disponibilidad de las\/los maestras(os).<\/li>\n<\/ul>\n<p>Por favor p\u00f3ngase <em><strong><a title=\"Contacto\" href=\"http:\/\/amerclub.com\/escueladeingles\/contacto\/\">en contacto<\/a><\/strong><\/em> con nosotros para brindarle m\u00e1s informaci\u00f3n.<\/p>\n","protected":false},"excerpt":{"rendered":"<p>Ofrecemos clases particulares para su comodidad. Para estudiantes ya inscritos, se otorgan clases de regularizaci\u00f3n o preparaci\u00f3n para ex\u00e1menes con un costo extra. Curso regular American English Course individual en l\u00ednea (flexible) o presencial (de acuerdo a la disponibilidad de &hellip; <a href=\"https:\/\/amerclub.com\/escueladeingles\/especiales\/clases-particulares\/\">Continued<\/a><\/p>\n","protected":false},"author":1,"featured_media":0,"parent":156,"menu_order":0,"comment_status":"closed","ping_status":"closed","template":"","meta":{"kt_blocks_editor_width":""},"kb_featured_image_src_large":false,"kb_author_info":{"display_name":"admin","author_link":"https:\/\/amerclub.com\/escueladeingles\/author\/admin\/","author_image":"https:\/\/secure.gravatar.com\/avatar\/fccfe3b752fc514b34d218794eeefff3?s=96&d=mm&r=g"},"kb_comment_info":0,"_links":{"self":[{"href":"https:\/\/amerclub.com\/escueladeingles\/wp-json\/wp\/v2\/pages\/87"}],"collection":[{"href":"https:\/\/amerclub.com\/escueladeingles\/wp-json\/wp\/v2\/pages"}],"about":[{"href":"https:\/\/amerclub.com\/escueladeingles\/wp-json\/wp\/v2\/types\/page"}],"author":[{"embeddable":true,"href":"https:\/\/amerclub.com\/escueladeingles\/wp-json\/wp\/v2\/users\/1"}],"replies":[{"embeddable":true,"href":"https:\/\/amerclub.com\/escueladeingles\/wp-json\/wp\/v2\/comments?post=87"}],"version-history":[{"count":12,"href":"https:\/\/amerclub.com\/escueladeingles\/wp-json\/wp\/v2\/pages\/87\/revisions"}],"predecessor-version":[{"id":1407,"href":"https:\/\/amerclub.com\/escueladeingles\/wp-json\/wp\/v2\/pages\/87\/revisions\/1407"}],"up":[{"embeddable":true,"href":"https:\/\/amerclub.com\/escueladeingles\/wp-json\/wp\/v2\/pages\/156"}],"wp:attachment":[{"href":"https:\/\/amerclub.com\/escueladeingles\/wp-json\/wp\/v2\/media?parent=87"}],"curies":[{"name":"wp","href":"https:\/\/api.w.org\/{rel}","templated":true}]}}