{"id":6,"date":"2014-06-17T17:06:41","date_gmt":"2014-06-17T17:06:41","guid":{"rendered":"http:\/\/amerclub.com\/escueladeingles\/?page_id=6"},"modified":"2025-05-16T17:41:48","modified_gmt":"2025-05-16T23:41:48","slug":"conversacion","status":"publish","type":"page","link":"https:\/\/amerclub.com\/escueladeingles\/especiales\/conversacion\/","title":{"rendered":"Conversaci\u00f3n"},"content":{"rendered":"<h2>CLASES DE CONVERSACI\u00d3N 2025<\/h2>\n<p style=\"text-align: justify;\">Esta escuela ofrece un curso especial para estudiantes con nivel avanzado de ingl\u00e9s que deseen poner en pr\u00e1ctica sus conocimientos en el idioma.<\/p>\n<p><img loading=\"lazy\" class=\"aligncenter wp-image-1355 size-full\" src=\"http:\/\/amerclub.com\/escueladeingles\/wp-content\/uploads\/2025\/02\/415.png\" alt=\"\" width=\"864\" height=\"720\" srcset=\"https:\/\/amerclub.com\/escueladeingles\/wp-content\/uploads\/2025\/02\/415.png 864w, https:\/\/amerclub.com\/escueladeingles\/wp-content\/uploads\/2025\/02\/415-300x250.png 300w, https:\/\/amerclub.com\/escueladeingles\/wp-content\/uploads\/2025\/02\/415-768x640.png 768w\" sizes=\"(max-width: 864px) 100vw, 864px\" \/><\/p>\n<h4>HORARIOS:<\/h4>\n<h4><strong>\u00a0<\/strong>Viernes de 4:15 a 6:15 p.m.<\/h4>\n<h5>Puedes inscribirte al grupo de conversaci\u00f3n en cualquier momento.<\/h5>\n<p>Si necesita venir en un horario distinto, o tiene un nivel de ingl\u00e9s intermedio comun\u00edquese con nosotros 777 312 4391, 777 312 4976, 777 312 6379, mensajes de whatsapp al 777 305 3541.<\/p>\n","protected":false},"excerpt":{"rendered":"<p>CLASES DE CONVERSACI\u00d3N 2025 Esta escuela ofrece un curso especial para estudiantes con nivel avanzado de ingl\u00e9s que deseen poner en pr\u00e1ctica sus conocimientos en el idioma. HORARIOS: \u00a0Viernes de 4:15 a 6:15 p.m. Puedes inscribirte al grupo de conversaci\u00f3n &hellip; <a href=\"https:\/\/amerclub.com\/escueladeingles\/especiales\/conversacion\/\">Continued<\/a><\/p>\n","protected":false},"author":1,"featured_media":0,"parent":156,"menu_order":0,"comment_status":"closed","ping_status":"closed","template":"","meta":{"kt_blocks_editor_width":""},"kb_featured_image_src_large":false,"kb_author_info":{"display_name":"admin","author_link":"https:\/\/amerclub.com\/escueladeingles\/author\/admin\/","author_image":"https:\/\/secure.gravatar.com\/avatar\/fccfe3b752fc514b34d218794eeefff3?s=96&d=mm&r=g"},"kb_comment_info":0,"_links":{"self":[{"href":"https:\/\/amerclub.com\/escueladeingles\/wp-json\/wp\/v2\/pages\/6"}],"collection":[{"href":"https:\/\/amerclub.com\/escueladeingles\/wp-json\/wp\/v2\/pages"}],"about":[{"href":"https:\/\/amerclub.com\/escueladeingles\/wp-json\/wp\/v2\/types\/page"}],"author":[{"embeddable":true,"href":"https:\/\/amerclub.com\/escueladeingles\/wp-json\/wp\/v2\/users\/1"}],"replies":[{"embeddable":true,"href":"https:\/\/amerclub.com\/escueladeingles\/wp-json\/wp\/v2\/comments?post=6"}],"version-history":[{"count":16,"href":"https:\/\/amerclub.com\/escueladeingles\/wp-json\/wp\/v2\/pages\/6\/revisions"}],"predecessor-version":[{"id":1405,"href":"https:\/\/amerclub.com\/escueladeingles\/wp-json\/wp\/v2\/pages\/6\/revisions\/1405"}],"up":[{"embeddable":true,"href":"https:\/\/amerclub.com\/escueladeingles\/wp-json\/wp\/v2\/pages\/156"}],"wp:attachment":[{"href":"https:\/\/amerclub.com\/escueladeingles\/wp-json\/wp\/v2\/media?parent=6"}],"curies":[{"name":"wp","href":"https:\/\/api.w.org\/{rel}","templated":true}]}}