{"id":4,"date":"2014-06-17T17:05:44","date_gmt":"2014-06-17T17:05:44","guid":{"rendered":"http:\/\/amerclub.com\/escueladeingles\/?page_id=4"},"modified":"2025-07-02T17:22:35","modified_gmt":"2025-07-02T23:22:35","slug":"inicio","status":"publish","type":"page","link":"https:\/\/amerclub.com\/escueladeingles\/","title":{"rendered":"Escuela de Ingl\u00e9s"},"content":{"rendered":"<h1 style=\"text-align: center;\">M\u00e1s de 65 a\u00f1os especializados en la ense\u00f1anza del idioma ingl\u00e9s con excelencia, en Cuernavaca, Morelos.<\/h1>\n<p>Para desplazarse en cualquier direcci\u00f3n hacer click sobre la imagen mantener pulsado el bot\u00f3n izquierdo del rat\u00f3n, zoom con la rueda central.<\/p>\n<div class=\"row\"> <div class=\"col-md-8\">\n<p><iframe loading=\"lazy\" src=\"https:\/\/estudiofotograficocuernavaca.com\/morelos\/ipanorama\/virtualtour\/11\" width=\"100%\" height=\"400\" frameborder=\"0\" allowfullscreen=\"allowfullscreen\"><\/iframe><\/p>\n<div style=\"width: 1140px;\" class=\"wp-video\"><!--[if lt IE 9]><script>document.createElement('video');<\/script><![endif]-->\n<video class=\"wp-video-shortcode\" id=\"video-4-1\" width=\"1140\" height=\"641\" preload=\"metadata\" controls=\"controls\"><source type=\"video\/mp4\" src=\"http:\/\/amerclub.com\/escueladeingles\/wp-content\/uploads\/2020\/08\/Promocional-AEC.mp4?_=1\" \/><a href=\"http:\/\/amerclub.com\/escueladeingles\/wp-content\/uploads\/2020\/08\/Promocional-AEC.mp4\">http:\/\/amerclub.com\/escueladeingles\/wp-content\/uploads\/2020\/08\/Promocional-AEC.mp4<\/a><\/video><\/div>\n<h1 style=\"text-align: center;\"><a href=\"http:\/\/amerclub.com\/escueladeingles\/proximos-cursos\/\"><span style=\"color: #ff0000;\"><strong>\u00a1NUEVOS CURSOS DE INGL\u00c9S!<\/strong><\/span><\/a><\/h1>\n<\/div><div class=\"col-md-4\">\n<p>\u00a0<\/p>\n<p><strong>Reconocimientos<\/strong><br \/><a title=\"Reconocimientos\" href=\"http:\/\/amerclub.com\/escueladeingles\/reconocimientos\/\" target=\"_parent\" rel=\"noopener\"><br \/><img loading=\"lazy\" src=\"http:\/\/amerclub.com\/escueladeingles\/iconos\/icono1.jpg\" width=\"80\" height=\"88\" \/>\u00a0<img loading=\"lazy\" src=\"http:\/\/amerclub.com\/escueladeingles\/iconos\/icono2.jpg\" width=\"80\" height=\"88\" \/>\u00a0<img loading=\"lazy\" src=\"http:\/\/amerclub.com\/escueladeingles\/iconos\/icono3.jpg\" width=\"80\" height=\"88\" \/>\u00a0<img loading=\"lazy\" src=\"http:\/\/amerclub.com\/escueladeingles\/iconos\/icono4.jpg\" width=\"80\" height=\"88\" \/>\u00a0<img loading=\"lazy\" src=\"http:\/\/amerclub.com\/escueladeingles\/iconos\/icono5.jpg\" width=\"80\" height=\"88\" \/><\/a><\/p>\n<h1 style=\"text-align: center;\"><img loading=\"lazy\" class=\"aligncenter wp-image-1355 size-full\" src=\"http:\/\/amerclub.com\/escueladeingles\/wp-content\/uploads\/2025\/02\/415.png\" alt=\"\" width=\"864\" height=\"720\" srcset=\"https:\/\/amerclub.com\/escueladeingles\/wp-content\/uploads\/2025\/02\/415.png 864w, https:\/\/amerclub.com\/escueladeingles\/wp-content\/uploads\/2025\/02\/415-300x250.png 300w, https:\/\/amerclub.com\/escueladeingles\/wp-content\/uploads\/2025\/02\/415-768x640.png 768w\" sizes=\"(max-width: 864px) 100vw, 864px\" \/><\/h1>\n<h1><img loading=\"lazy\" class=\"aligncenter wp-image-1421 size-full\" src=\"http:\/\/amerclub.com\/escueladeingles\/wp-content\/uploads\/2025\/06\/Diapositiva1.jpg\" alt=\"\" width=\"531\" height=\"675\" srcset=\"https:\/\/amerclub.com\/escueladeingles\/wp-content\/uploads\/2025\/06\/Diapositiva1.jpg 531w, https:\/\/amerclub.com\/escueladeingles\/wp-content\/uploads\/2025\/06\/Diapositiva1-236x300.jpg 236w\" sizes=\"(max-width: 531px) 100vw, 531px\" \/><\/h1>\n<\/div><\/div>\n\n\n<div class=\"wp-block-media-text alignwide is-stacked-on-mobile\" style=\"grid-template-columns:56% auto\"><figure class=\"wp-block-media-text__media\"><img loading=\"lazy\" width=\"864\" height=\"720\" src=\"https:\/\/amerclub.com\/escueladeingles\/wp-content\/uploads\/2025\/07\/july-new.png\" alt=\"\" class=\"wp-image-1442 size-full\" srcset=\"https:\/\/amerclub.com\/escueladeingles\/wp-content\/uploads\/2025\/07\/july-new.png 864w, https:\/\/amerclub.com\/escueladeingles\/wp-content\/uploads\/2025\/07\/july-new-300x250.png 300w, https:\/\/amerclub.com\/escueladeingles\/wp-content\/uploads\/2025\/07\/july-new-768x640.png 768w\" sizes=\"(max-width: 864px) 100vw, 864px\" \/><\/figure><div class=\"wp-block-media-text__content\">\n<p class=\"has-text-align-center has-large-font-size\">NUEVOS CURSOS DE VERANO (NI\u00d1OS Y ADOLESCENTES) Y GRUPOS PARA J\u00d3VENES Y ADULTOS EN JULIO, 2025<\/p>\n<\/div><\/div>\n\n\n\n<p><\/p>\n","protected":false},"excerpt":{"rendered":"<p>M\u00e1s de 65 a\u00f1os especializados en la ense\u00f1anza del idioma ingl\u00e9s con excelencia, en Cuernavaca, Morelos. Para desplazarse en cualquier direcci\u00f3n hacer click sobre la imagen mantener pulsado el bot\u00f3n izquierdo del rat\u00f3n, zoom con la rueda central. NUEVOS CURSOS &hellip; <a href=\"https:\/\/amerclub.com\/escueladeingles\/\">Continued<\/a><\/p>\n","protected":false},"author":1,"featured_media":0,"parent":0,"menu_order":0,"comment_status":"closed","ping_status":"closed","template":"","meta":{"kt_blocks_editor_width":""},"kb_featured_image_src_large":false,"kb_author_info":{"display_name":"admin","author_link":"https:\/\/amerclub.com\/escueladeingles\/author\/admin\/","author_image":"https:\/\/secure.gravatar.com\/avatar\/fccfe3b752fc514b34d218794eeefff3?s=96&d=mm&r=g"},"kb_comment_info":0,"_links":{"self":[{"href":"https:\/\/amerclub.com\/escueladeingles\/wp-json\/wp\/v2\/pages\/4"}],"collection":[{"href":"https:\/\/amerclub.com\/escueladeingles\/wp-json\/wp\/v2\/pages"}],"about":[{"href":"https:\/\/amerclub.com\/escueladeingles\/wp-json\/wp\/v2\/types\/page"}],"author":[{"embeddable":true,"href":"https:\/\/amerclub.com\/escueladeingles\/wp-json\/wp\/v2\/users\/1"}],"replies":[{"embeddable":true,"href":"https:\/\/amerclub.com\/escueladeingles\/wp-json\/wp\/v2\/comments?post=4"}],"version-history":[{"count":207,"href":"https:\/\/amerclub.com\/escueladeingles\/wp-json\/wp\/v2\/pages\/4\/revisions"}],"predecessor-version":[{"id":1443,"href":"https:\/\/amerclub.com\/escueladeingles\/wp-json\/wp\/v2\/pages\/4\/revisions\/1443"}],"wp:attachment":[{"href":"https:\/\/amerclub.com\/escueladeingles\/wp-json\/wp\/v2\/media?parent=4"}],"curies":[{"name":"wp","href":"https:\/\/api.w.org\/{rel}","templated":true}]}}