{"id":23,"date":"2014-06-17T17:17:54","date_gmt":"2014-06-17T17:17:54","guid":{"rendered":"http:\/\/amerclub.com\/escueladeingles\/?page_id=23"},"modified":"2024-05-22T17:49:57","modified_gmt":"2024-05-22T23:49:57","slug":"faq","status":"publish","type":"page","link":"https:\/\/amerclub.com\/escueladeingles\/faq\/","title":{"rendered":"FAQ"},"content":{"rendered":"<p>PREGUNTAS FRECUENTES<\/p>\n\n<div class=\"panel-group kt-accordion\" id=\"accordionname99\"><div class=\"panel panel-default panel-even\"><div class=\"panel-heading\"><a class=\"accordion-toggle \" data-toggle=\"collapse\" data-parent=\"#accordionname99\" href=\"#collapse990\"><h5><i class=\"icon-minus kt-icon-minus primary-color\"><\/i><i class=\"icon-plus kt-icon-plus\"><\/i>\u00bfCu\u00e1les son los beneficios que obtengo al estudiar en el AMERICAN ENGLISH CLUB?<\/h5><\/a><\/div><div id=\"collapse990\" class=\"panel-collapse collapse in\"><div class=\"panel-body postclass\">\nNuestros alumnos tienen grandes beneficios porque adem\u00e1s de aprender el idioma en forma correcta, al terminar el curso de j\u00f3venes y adultos, obtienen un diploma con validez oficial.<br \/>\n<\/div><\/div><\/div>\n<div class=\"panel panel-default panel-odd\"><div class=\"panel-heading\"><a class=\"accordion-toggle \" data-toggle=\"collapse\" data-parent=\"#accordionname99\" href=\"#collapse991\"><h5><i class=\"icon-minus kt-icon-minus primary-color\"><\/i><i class=\"icon-plus kt-icon-plus\"><\/i>\u00bfOfrecen clases en l\u00ednea?<\/h5><\/a><\/div><div id=\"collapse991\" class=\"panel-collapse collapse in\"><div class=\"panel-body postclass\">\nNos hemos adaptado a las circunstancias recientes y ofrecemos clases privadas en l\u00ednea. Los cursos regulares se toman de manera 100% presencial por el momento.<br \/>\n<\/div><\/div><\/div>\n<div class=\"panel panel-default panel-even\"><div class=\"panel-heading\"><a class=\"accordion-toggle collapsed\" data-toggle=\"collapse\" data-parent=\"#accordionname99\" href=\"#collapse992\"><h5><i class=\"icon-minus kt-icon-minus primary-color\"><\/i><i class=\"icon-plus kt-icon-plus\"><\/i>\u00bfDesde qu\u00e9 edad puedo estudiar ingl\u00e9s?<\/h5><\/a><\/div><div id=\"collapse992\" class=\"panel-collapse collapse \"><div class=\"panel-body postclass\">\nEmpezamos a trabajar con ni\u00f1os desde los seis a\u00f1os de edad que ya sepan leer y escribir. No hay l\u00edmite m\u00e1ximo de edad. Hemos trabajado en forma exitosa con personas de edad madura.<br \/>\n<\/div><\/div><\/div>\n<div class=\"panel panel-default panel-odd\"><div class=\"panel-heading\"><a class=\"accordion-toggle collapsed\" data-toggle=\"collapse\" data-parent=\"#accordionname99\" href=\"#collapse993\"><h5><i class=\"icon-minus kt-icon-minus primary-color\"><\/i><i class=\"icon-plus kt-icon-plus\"><\/i>\u00bfQu\u00e9 sistema de ense\u00f1anza utilizan en el programa para j\u00f3venes y adultos?<\/h5><\/a><\/div><div id=\"collapse993\" class=\"panel-collapse collapse \"><div class=\"panel-body postclass\">\nUsamos un sistema ecl\u00e9ctico en la ense\u00f1anza. Eso quiere decir que usamos lo m\u00e1s importante de varias metodolog\u00edas y tecnolog\u00edas. Las bases del sistema son gramaticales o estructurales porque creemos que es preciso tener un fuerte conocimiento de la forma correcta de hablar para poder comunicarse como una persona educada, pero lo combinamos con una metodolog\u00eda comunicativa y participativa, haciendo uso de herramientas tecnol\u00f3gicas interactivas. Usamos videos, bocinas bluetooth, CD\u00b4s, DVD&#8217;s, laptops y proyectores\u00a0 y una gran variedad de material did\u00e1ctico. Desarrollamos la conversaci\u00f3n, la comprensi\u00f3n auditiva, la lectura y la redacci\u00f3n.<br \/>\n<\/div><\/div><\/div>\n<div class=\"panel panel-default panel-even\"><div class=\"panel-heading\"><a class=\"accordion-toggle collapsed\" data-toggle=\"collapse\" data-parent=\"#accordionname99\" href=\"#collapse994\"><h5><i class=\"icon-minus kt-icon-minus primary-color\"><\/i><i class=\"icon-plus kt-icon-plus\"><\/i>\u00bfQu\u00e9 sistema de ense\u00f1anza utilizan en el programa para ni\u00f1os?<\/h5><\/a><\/div><div id=\"collapse994\" class=\"panel-collapse collapse \"><div class=\"panel-body postclass\">\nUsamos un sistema altamente comunicativo y sin tanto \u00e9nfasis en la gram\u00e1tica porque los ni\u00f1os aprenden de una manera diferente y m\u00e1s natural. Los libros de texto que utilizamos son de lo m\u00e1s moderno en la ense\u00f1anza, con mucho color.<br \/>\n<\/div><\/div><\/div>\n<div class=\"panel panel-default panel-odd\"><div class=\"panel-heading\"><a class=\"accordion-toggle collapsed\" data-toggle=\"collapse\" data-parent=\"#accordionname99\" href=\"#collapse995\"><h5><i class=\"icon-minus kt-icon-minus primary-color\"><\/i><i class=\"icon-plus kt-icon-plus\"><\/i>\u00bfCu\u00e1nto tiempo necesito para aprender ingl\u00e9s?<\/h5><\/a><\/div><div id=\"collapse995\" class=\"panel-collapse collapse \"><div class=\"panel-body postclass\">\nUno nunca termina de aprender un idioma, pero puedes alcanzar un buen nivel donde te puedes comunicar muy bien en forma escrita y oral al terminar tu curso con nosotros. A partir del primer d\u00eda de estudio, vas a empezar a entender y a expresarte en ingl\u00e9s, y cada mes vas a ver un constante mejoramiento.<br \/>\n<\/div><\/div><\/div>\n<div class=\"panel panel-default panel-even\"><div class=\"panel-heading\"><a class=\"accordion-toggle collapsed\" data-toggle=\"collapse\" data-parent=\"#accordionname99\" href=\"#collapse996\"><h5><i class=\"icon-minus kt-icon-minus primary-color\"><\/i><i class=\"icon-plus kt-icon-plus\"><\/i>\u00bfQu\u00e9 tipo de ingl\u00e9s ense\u00f1an?<\/h5><\/a><\/div><div id=\"collapse996\" class=\"panel-collapse collapse \"><div class=\"panel-body postclass\">\nEnse\u00f1amos ingl\u00e9s norteamericano porque es el ingl\u00e9s de mas utilidad para la mayor\u00eda de los mexicanos por la proximidad con los Estados Unidos; pero tambi\u00e9n tomamos en cuenta el ingl\u00e9s hablado en otras partes del mundo como referencia cultural.<br \/>\n<\/div><\/div><\/div>\n<div class=\"panel panel-default panel-odd\"><div class=\"panel-heading\"><a class=\"accordion-toggle collapsed\" data-toggle=\"collapse\" data-parent=\"#accordionname99\" href=\"#collapse997\"><h5><i class=\"icon-minus kt-icon-minus primary-color\"><\/i><i class=\"icon-plus kt-icon-plus\"><\/i>\u00bfCu\u00e1ntas personas hay en un grupo?<\/h5><\/a><\/div><div id=\"collapse997\" class=\"panel-collapse collapse \"><div class=\"panel-body postclass\">\nEl n\u00famero de alumnos var\u00eda entre cuatro y quince alumnos, garantiz\u00e1ndose una atenci\u00f3n personalizada.<br \/>\n<\/div><\/div><\/div>\n<div class=\"panel panel-default panel-even\"><div class=\"panel-heading\"><a class=\"accordion-toggle collapsed\" data-toggle=\"collapse\" data-parent=\"#accordionname99\" href=\"#collapse998\"><h5><i class=\"icon-minus kt-icon-minus primary-color\"><\/i><i class=\"icon-plus kt-icon-plus\"><\/i>\u00bfA qu\u00e9 hora est\u00e1 abierta la escuela?<\/h5><\/a><\/div><div id=\"collapse998\" class=\"panel-collapse collapse \"><div class=\"panel-body postclass\">\nEstamos en la Direcci\u00f3n de la escuela para informes e inscripciones de lunes a viernes de 8:45 a.m. a 2:00 p.m.; Lunes, mi\u00e9rcoles y viernes de 3:45 a 7:30 p.m., y martes y jueves cerramos a las 7:00 pm. y los s\u00e1bados de 8:30 a.m. a 2:00 p.m.<br \/>\n<\/div><\/div><\/div>\n<div class=\"panel panel-default panel-odd\"><div class=\"panel-heading\"><a class=\"accordion-toggle collapsed\" data-toggle=\"collapse\" data-parent=\"#accordionname99\" href=\"#collapse999\"><h5><i class=\"icon-minus kt-icon-minus primary-color\"><\/i><i class=\"icon-plus kt-icon-plus\"><\/i>\u00bfPuedo iniciar mi curso el d\u00eda que yo quiera?<\/h5><\/a><\/div><div id=\"collapse999\" class=\"panel-collapse collapse \"><div class=\"panel-body postclass\">\nDepende de tu nivel. Tenemos ciertas fechas programadas para iniciar cursos de principiantes durante varias \u00e9pocas del a\u00f1o. Puedes hablar al (777) 3126379, 3124976 o 3124391 para saber las pr\u00f3ximas fechas.<br \/>\nSi tienes conocimientos, necesitas presentar un examen de colocaci\u00f3n, y con los resultados del examen te diremos qu\u00e9 grupos ya existentes est\u00e1n en tu nivel. Despu\u00e9s del examen podr\u00e1s iniciar de inmediato si hay grupo a tu nivel.<br \/>\n<\/div><\/div><\/div>\n<div class=\"panel panel-default panel-even\"><div class=\"panel-heading\"><a class=\"accordion-toggle collapsed\" data-toggle=\"collapse\" data-parent=\"#accordionname99\" href=\"#collapse9910\"><h5><i class=\"icon-minus kt-icon-minus primary-color\"><\/i><i class=\"icon-plus kt-icon-plus\"><\/i>\u00bfDebo tomar las clases siempre en el mismo horario?<\/h5><\/a><\/div><div id=\"collapse9910\" class=\"panel-collapse collapse \"><div class=\"panel-body postclass\">\nS\u00ed. Es importante que asistas a un grupo espec\u00edfico para que el maestro te pueda evaluar. Siempre hay la posibilidad de un cambio de horario si lo necesitas. Esto se arregla en la Direcci\u00f3n de la escuela.<br \/>\n<\/div><\/div><\/div>\n<div class=\"panel panel-default panel-odd\"><div class=\"panel-heading\"><a class=\"accordion-toggle collapsed\" data-toggle=\"collapse\" data-parent=\"#accordionname99\" href=\"#collapse9911\"><h5><i class=\"icon-minus kt-icon-minus primary-color\"><\/i><i class=\"icon-plus kt-icon-plus\"><\/i>Si pierdo clases o siento que me estoy atrasando, \u00bfqu\u00e9 puedo hacer?<\/h5><\/a><\/div><div id=\"collapse9911\" class=\"panel-collapse collapse \"><div class=\"panel-body postclass\">\nContamos con clases de regularizaci\u00f3n o ayuda extra. Esta ayuda se solicita en la Direcci\u00f3n de la escuela y tienen un peque\u00f1o costo extra por hora.<br \/>\n<\/div><\/div><\/div>\n<div class=\"panel panel-default panel-even\"><div class=\"panel-heading\"><a class=\"accordion-toggle collapsed\" data-toggle=\"collapse\" data-parent=\"#accordionname99\" href=\"#collapse9912\"><h5><i class=\"icon-minus kt-icon-minus primary-color\"><\/i><i class=\"icon-plus kt-icon-plus\"><\/i>\u00bfQu\u00e9 material se utiliza?<\/h5><\/a><\/div><div id=\"collapse9912\" class=\"panel-collapse collapse \"><div class=\"panel-body postclass\">\nCon los j\u00f3venes y adultos utilizamos textos escritos especialmente para esta escuela, con las herramientas b\u00e1sicas del idioma m\u00e1s una gran variedad de material auxiliar que tiene la escuela como son: programas en la computadora, DVD\u00b4s, CD\u00b4s, posters y otros materiales visuales, videos musicales y otras grabaciones de la televisi\u00f3n en ingl\u00e9s, CD\u00b4s de pronunciaci\u00f3n y de comprensi\u00f3n auditiva, juegos educativos, libros de lectura y conversaci\u00f3n, y proyectores y laptop con internet para trabajar en el aula.<br \/>\nCon los ni\u00f1os utilizamos libros de texto muy modernos que llevan un DVD para uso en la casa. En el sal\u00f3n el maestro tambi\u00e9n usa material visual, juegos educativos, programas en la computadora, y canciones. Adem\u00e1s, nos apoyamos del internet y un proyector.<br \/>\n<\/div><\/div><\/div>\n<div class=\"panel panel-default panel-odd\"><div class=\"panel-heading\"><a class=\"accordion-toggle collapsed\" data-toggle=\"collapse\" data-parent=\"#accordionname99\" href=\"#collapse9913\"><h5><i class=\"icon-minus kt-icon-minus primary-color\"><\/i><i class=\"icon-plus kt-icon-plus\"><\/i>\u00bfTienen clases de conversaci\u00f3n?<\/h5><\/a><\/div><div id=\"collapse9913\" class=\"panel-collapse collapse \"><div class=\"panel-body postclass\">\nPor el momento no contamos con un grupo activo, pero podemos abrir alguno de acuerdo a la demanda.<br \/>\nEn grupos regulares, cada mes se organizan actividades de conversaci\u00f3n intergrupales que coinciden en los mismos horarios para tener conversaci\u00f3n entre ellos, pero tambi\u00e9n al terminar el curso ofrecemos una clase especial de conversaci\u00f3n exclusivamente para nuestros graduados u otras personas con un muy buen nivel de ingl\u00e9s.<br \/>\n<\/div><\/div><\/div>\n<div class=\"panel panel-default panel-even\"><div class=\"panel-heading\"><a class=\"accordion-toggle collapsed\" data-toggle=\"collapse\" data-parent=\"#accordionname99\" href=\"#collapse9914\"><h5><i class=\"icon-minus kt-icon-minus primary-color\"><\/i><i class=\"icon-plus kt-icon-plus\"><\/i>\u00bfEl curso tiene validez oficial?<\/h5><\/a><\/div><div id=\"collapse9914\" class=\"panel-collapse collapse \"><div class=\"panel-body postclass\">\nS\u00ed. La escuela est\u00e1 incorporada a la Secretar\u00eda de Educaci\u00f3n P\u00fablica del Estado de Morelos con la clave 17PET0004G y RVOE TC97I08133. Por lo tanto, al terminar el curso de j\u00f3venes y adultos, obtendr\u00e1n un diploma con validez oficial firmado por las autoridades de la S.E.P. como carrera de ingl\u00e9s plan 3 a\u00f1os, si tienen estudios m\u00ednimos de secundaria.<br \/>\n<\/div><\/div><\/div>\n<div class=\"panel panel-default panel-odd\"><div class=\"panel-heading\"><a class=\"accordion-toggle collapsed\" data-toggle=\"collapse\" data-parent=\"#accordionname99\" href=\"#collapse9915\"><h5><i class=\"icon-minus kt-icon-minus primary-color\"><\/i><i class=\"icon-plus kt-icon-plus\"><\/i>\u00bfSe aplican ex\u00e1menes de colocaci\u00f3n?<\/h5><\/a><\/div><div id=\"collapse9915\" class=\"panel-collapse collapse \"><div class=\"panel-body postclass\">\nS\u00ed. El examen de colocaci\u00f3n es sin costo. Tiene una duraci\u00f3n de media hora a hora y media (dependiendo la dificultad del examen) y se aplica en los siguientes horarios de manera virtual: lunes a viernes de 9:00 a.m. a 12:00 p.m. y 4:15 p.m. a 5:30 p.m. Tambi\u00e9n los s\u00e1bados de 9:30 a.m. a 12:00 p.m. Favor de llamar a la escuela para agendar el examen.<br \/>\n<\/div><\/div><\/div>\n<div class=\"panel panel-default panel-even\"><div class=\"panel-heading\"><a class=\"accordion-toggle collapsed\" data-toggle=\"collapse\" data-parent=\"#accordionname99\" href=\"#collapse9916\"><h5><i class=\"icon-minus kt-icon-minus primary-color\"><\/i><i class=\"icon-plus kt-icon-plus\"><\/i>\u00bfTienen curso de preparaci\u00f3n para el TOEFL?<\/h5><\/a><\/div><div id=\"collapse9916\" class=\"panel-collapse collapse \"><div class=\"panel-body postclass\">\nS\u00ed. Este curso lo manejamos en forma particular. La duraci\u00f3n del curso depender\u00e1 del nivel del alumno y de la calificaci\u00f3n que necesita sacar en el examen. El costo depende del n\u00famero de horas que desea tomar al mes. Favor de hablar a la escuela para cotizaci\u00f3n.<br \/>\n<\/div><\/div><\/div>\n<div class=\"panel panel-default panel-odd\"><div class=\"panel-heading\"><a class=\"accordion-toggle collapsed\" data-toggle=\"collapse\" data-parent=\"#accordionname99\" href=\"#collapse9917\"><h5><i class=\"icon-minus kt-icon-minus primary-color\"><\/i><i class=\"icon-plus kt-icon-plus\"><\/i>\u00bfOfrecen alg\u00fan tipo de descuento?<\/h5><\/a><\/div><div id=\"collapse9917\" class=\"panel-collapse collapse \"><div class=\"panel-body postclass\">\nS\u00ed. Tenemos descuentos familiares, o en caso de encontrarse en una situaci\u00f3n especial, puedes comunicarlo directamente a direcci\u00f3n para revisar si se te puede autorizar alguno.<br \/>\n<\/div><\/div><\/div>\n<div class=\"panel panel-default panel-even\"><div class=\"panel-heading\"><a class=\"accordion-toggle collapsed\" data-toggle=\"collapse\" data-parent=\"#accordionname99\" href=\"#collapse9918\"><h5><i class=\"icon-minus kt-icon-minus primary-color\"><\/i><i class=\"icon-plus kt-icon-plus\"><\/i>\u00bfOfrecen becas?<\/h5><\/a><\/div><div id=\"collapse9918\" class=\"panel-collapse collapse \"><div class=\"panel-body postclass\">\nDesde que ocurri\u00f3 la situaci\u00f3n de la pandemia, nuestra matr\u00edcula baj\u00f3 considerablemente y hemos logrado sostener a la instituci\u00f3n para darle la mejor calidad educativa a todos nuestros estudiantes, por lo que por el momento no contamos con becas.<br \/>\n<\/div><\/div><\/div>\n<div class=\"panel panel-default panel-odd\"><div class=\"panel-heading\"><a class=\"accordion-toggle collapsed\" data-toggle=\"collapse\" data-parent=\"#accordionname99\" href=\"#collapse9919\"><h5><i class=\"icon-minus kt-icon-minus primary-color\"><\/i><i class=\"icon-plus kt-icon-plus\"><\/i>\u00bfPuedo dar clases de ingl\u00e9s cuando termine el curso?<\/h5><\/a><\/div><div id=\"collapse9919\" class=\"panel-collapse collapse \"><div class=\"panel-body postclass\">\nDe hecho, muchos de nuestros graduados est\u00e1n dando clases con el diploma del curso regular, pero muchas escuelas te van a pedir el diploma del Teacher\u00b4s Diploma Course. Puedes llamar a la oficina para preguntar si est\u00e1 disponible.<br \/>\n<\/div><\/div><\/div>\n<div class=\"panel panel-default panel-even\"><div class=\"panel-heading\"><a class=\"accordion-toggle collapsed\" data-toggle=\"collapse\" data-parent=\"#accordionname99\" href=\"#collapse9920\"><h5><i class=\"icon-minus kt-icon-minus primary-color\"><\/i><i class=\"icon-plus kt-icon-plus\"><\/i>\u00bfQu\u00e9 voy a aprender en el curso del Teacher\u00b4s Diploma Course y TKT?<\/h5><\/a><\/div><div id=\"collapse9920\" class=\"panel-collapse collapse \"><div class=\"panel-body postclass\">\nVas a aprender a preparar e impartir clases a ni\u00f1os, j\u00f3venes y adultos. Adem\u00e1s, vas a aprender m\u00e1s sobre la gram\u00e1tica y la pronunciaci\u00f3n del ingl\u00e9s y c\u00f3mo impartir estos conocimientos. El curso abarca la teor\u00eda del aprendizaje, las diferentes metodolog\u00edas, la forma de ense\u00f1ar la gram\u00e1tica, la pronunciaci\u00f3n, la lectura, la escritura, y la comprensi\u00f3n auditiva. Vas a tener mucha pr\u00e1ctica frente a tus compa\u00f1eros, observaciones en las aulas de la escuela y al final pr\u00e1cticas reales frente a alumnos de nuestra escuela.<br \/>\nEl curso consta de 155 horas de clases en un horario de 9:00 a.m. a 1:30 p.m. los s\u00e1bados.<br \/>\n<\/div><\/div><\/div>\n<div class=\"panel panel-default panel-odd\"><div class=\"panel-heading\"><a class=\"accordion-toggle collapsed\" data-toggle=\"collapse\" data-parent=\"#accordionname99\" href=\"#collapse9921\"><h5><i class=\"icon-minus kt-icon-minus primary-color\"><\/i><i class=\"icon-plus kt-icon-plus\"><\/i>\u00bfEl Teacher\u00b4s Diploma Course tiene validez oficial?<\/h5><\/a><\/div><div id=\"collapse9921\" class=\"panel-collapse collapse \"><div class=\"panel-body postclass\">\nS\u00ed. Tiene validez oficial ante la S.E.E.M. El n\u00famero de registro del diplomado es: 17DAP04204.<br \/>\n<\/div><\/div><\/div><\/div>\n\n","protected":false},"excerpt":{"rendered":"<p>PREGUNTAS FRECUENTES<\/p>\n","protected":false},"author":1,"featured_media":0,"parent":0,"menu_order":0,"comment_status":"closed","ping_status":"closed","template":"","meta":{"kt_blocks_editor_width":""},"kb_featured_image_src_large":false,"kb_author_info":{"display_name":"admin","author_link":"https:\/\/amerclub.com\/escueladeingles\/author\/admin\/","author_image":"https:\/\/secure.gravatar.com\/avatar\/fccfe3b752fc514b34d218794eeefff3?s=96&d=mm&r=g"},"kb_comment_info":0,"_links":{"self":[{"href":"https:\/\/amerclub.com\/escueladeingles\/wp-json\/wp\/v2\/pages\/23"}],"collection":[{"href":"https:\/\/amerclub.com\/escueladeingles\/wp-json\/wp\/v2\/pages"}],"about":[{"href":"https:\/\/amerclub.com\/escueladeingles\/wp-json\/wp\/v2\/types\/page"}],"author":[{"embeddable":true,"href":"https:\/\/amerclub.com\/escueladeingles\/wp-json\/wp\/v2\/users\/1"}],"replies":[{"embeddable":true,"href":"https:\/\/amerclub.com\/escueladeingles\/wp-json\/wp\/v2\/comments?post=23"}],"version-history":[{"count":19,"href":"https:\/\/amerclub.com\/escueladeingles\/wp-json\/wp\/v2\/pages\/23\/revisions"}],"predecessor-version":[{"id":1440,"href":"https:\/\/amerclub.com\/escueladeingles\/wp-json\/wp\/v2\/pages\/23\/revisions\/1440"}],"wp:attachment":[{"href":"https:\/\/amerclub.com\/escueladeingles\/wp-json\/wp\/v2\/media?parent=23"}],"curies":[{"name":"wp","href":"https:\/\/api.w.org\/{rel}","templated":true}]}}