{"id":227,"date":"2014-07-08T15:02:26","date_gmt":"2014-07-08T15:02:26","guid":{"rendered":"http:\/\/amerclub.com\/escueladeingles\/?page_id=227"},"modified":"2025-07-03T18:01:42","modified_gmt":"2025-07-04T00:01:42","slug":"curso-de-verano-para-jovenes","status":"publish","type":"page","link":"https:\/\/amerclub.com\/escueladeingles\/curso-de-verano-para-jovenes\/","title":{"rendered":"SUMMER COURSE FPR BEGINNERS (CURSO PARA ADOLESCENTES)"},"content":{"rendered":"<h6><\/h6>\n<h5><img loading=\"lazy\" class=\"aligncenter size-full wp-image-1421\" src=\"http:\/\/amerclub.com\/escueladeingles\/wp-content\/uploads\/2025\/06\/Diapositiva1.jpg\" alt=\"\" width=\"531\" height=\"675\" srcset=\"https:\/\/amerclub.com\/escueladeingles\/wp-content\/uploads\/2025\/06\/Diapositiva1.jpg 531w, https:\/\/amerclub.com\/escueladeingles\/wp-content\/uploads\/2025\/06\/Diapositiva1-236x300.jpg 236w\" sizes=\"(max-width: 531px) 100vw, 531px\" \/><\/h5>\n<h1>Programa especial de VERANO Del 28 de julio al 15 de agosto<\/h1>\n<p>PROGRAMA DE <strong>INGL\u00c9S SUPER INTENSIVO<\/strong><\/p>\n<p>4 horas diarias para que los alumnos <strong>APRENDAN INGL\u00c9S R\u00c1PIDAMENTE.<\/strong> Adem\u00e1s del libro de texto tendr\u00e1n ACTIVIDADES relajantes y divertidas, como <strong>PING-PONG, <\/strong>karaoke y juegos de mesa en ingl\u00e9s.<\/p>\n<p>En este <strong>CURSO SUPER INTENSIVO TERMINAN UN LIBRO DEL AMERICAN ENGLISH CLUB<\/strong> que tarda de 3 a 4 meses en un curso normal.<\/p>\n<p>DURACI\u00d3N DEL CURSO 28 de julio al 15 de agosto<br \/>\nHorario Lunes a Viernes 9:00 am. a 1:00 pm.<\/p>\n<p>INSCR\u00cdBETE PRONTO y aprovecha los DESCUENTOS:<\/p>\n<ol>\n<li>Por pronto pago<\/li>\n<li>Descuentos familiares<\/li>\n<\/ol>\n<p><strong>\u00a1PREGUNTA POR ELLOS!<\/strong><\/p>\n<p><strong>AMERICAN ENGLISH CLUB<\/strong><\/p>\n<h4><span style=\"color: #800000;\"><strong>CURSOS NORMALES PARA JOVENES Y ADULTOS:<\/strong><\/span><\/h4>\n<p>Son cursos dise\u00f1ados especialmente para que el estudiante pueda seleccionar el horario que m\u00e1s se adapte a sus necesidades. En este curso los estudiantes practican estructuras del idioma con juegos educativos, aprenden con divertidos videoclips, usan programas multimedia en la computadora, escriben y practican la conversaci\u00f3n con su maestro y compa\u00f1eros.<\/p>\n<p><strong>Horarios de curso regular:<br \/>\n<\/strong><strong>4:00-6:00 p.m. <\/strong>lunes, mi\u00e9rcoles y viernes.<strong><br \/>\n4:00-6:00 p.m. <\/strong>martes y jueves.<br \/>\n<strong>9:00-11:00 a.m<\/strong>. lunes a viernes.<br \/>\n<strong>6:00-7:30 p.m<\/strong>. lunes, mi\u00e9rcoles y viernes.<br \/>\n<strong>9:00 a.m-1:30 p.m<\/strong>. los s\u00e1bados, inicia 6 de enero, 2024.<\/p>\n<p><span style=\"font-weight: bold; color: #000055;\">M\u00e1s de 65 a\u00f1os<\/span><span style=\"color: #000055;\">\u00a0especializados\u00a0<\/span><span style=\"font-weight: bold; color: #000055;\">en la ense\u00f1anza del<\/span><span style=\"color: #000055;\">\u00a0idioma<\/span><span style=\"font-weight: bold; color: #000055;\">\u00a0ingl\u00e9s con excelencia<\/span><span style=\"color: #000055;\">, en Cuernavaca, Morelos, M\u00e9xico.<\/span><\/p>\n<a href=\"http:\/\/amerclub.com\/escueladeingles\/curso-especial-para-ninos-de-kinder-y-primaria\/\" class=\"btn button btn-shortcode kad-btn kad-btn-primary\" id=\"kadbtn756\" target=\"_self\" style=\"background-color:#008;color:#FFF;\">Ver curso para Ni\u00f1os<\/a>\n","protected":false},"excerpt":{"rendered":"<p>Programa especial de VERANO Del 28 de julio al 15 de agosto PROGRAMA DE INGL\u00c9S SUPER INTENSIVO 4 horas diarias para que los alumnos APRENDAN INGL\u00c9S R\u00c1PIDAMENTE. Adem\u00e1s del libro de texto tendr\u00e1n ACTIVIDADES relajantes y divertidas, como PING-PONG, karaoke &hellip; <a href=\"https:\/\/amerclub.com\/escueladeingles\/curso-de-verano-para-jovenes\/\">Continued<\/a><\/p>\n","protected":false},"author":1,"featured_media":0,"parent":0,"menu_order":0,"comment_status":"closed","ping_status":"closed","template":"page-feature-sidebar.php","meta":{"kt_blocks_editor_width":""},"kb_featured_image_src_large":false,"kb_author_info":{"display_name":"admin","author_link":"https:\/\/amerclub.com\/escueladeingles\/author\/admin\/","author_image":"https:\/\/secure.gravatar.com\/avatar\/fccfe3b752fc514b34d218794eeefff3?s=96&d=mm&r=g"},"kb_comment_info":0,"_links":{"self":[{"href":"https:\/\/amerclub.com\/escueladeingles\/wp-json\/wp\/v2\/pages\/227"}],"collection":[{"href":"https:\/\/amerclub.com\/escueladeingles\/wp-json\/wp\/v2\/pages"}],"about":[{"href":"https:\/\/amerclub.com\/escueladeingles\/wp-json\/wp\/v2\/types\/page"}],"author":[{"embeddable":true,"href":"https:\/\/amerclub.com\/escueladeingles\/wp-json\/wp\/v2\/users\/1"}],"replies":[{"embeddable":true,"href":"https:\/\/amerclub.com\/escueladeingles\/wp-json\/wp\/v2\/comments?post=227"}],"version-history":[{"count":30,"href":"https:\/\/amerclub.com\/escueladeingles\/wp-json\/wp\/v2\/pages\/227\/revisions"}],"predecessor-version":[{"id":1451,"href":"https:\/\/amerclub.com\/escueladeingles\/wp-json\/wp\/v2\/pages\/227\/revisions\/1451"}],"wp:attachment":[{"href":"https:\/\/amerclub.com\/escueladeingles\/wp-json\/wp\/v2\/media?parent=227"}],"curies":[{"name":"wp","href":"https:\/\/api.w.org\/{rel}","templated":true}]}}