{"id":17,"date":"2014-06-17T17:13:17","date_gmt":"2014-06-17T17:13:17","guid":{"rendered":"http:\/\/amerclub.com\/escueladeingles\/?page_id=17"},"modified":"2020-09-12T12:54:13","modified_gmt":"2020-09-12T17:54:13","slug":"teachers-diploma-course","status":"publish","type":"page","link":"https:\/\/amerclub.com\/escueladeingles\/teachers-diploma-course\/","title":{"rendered":"TEACHER\u00b4S DIPLOMA COURSE &#038; TKT"},"content":{"rendered":"<h3>\u00danica modalidad presencial.<\/h3>\n<p style=\"text-align: justify;\">Este <strong>diplomado<\/strong> tiene <strong>validez oficial.<\/strong><\/p>\n<p style=\"text-align: justify;\">No. de <span style=\"color: #ff0000;\">registro <strong>17DAPO4204.<\/strong><\/span><\/p>\n<p style=\"text-align: justify;\">La experiencia de m\u00e1s de 59 a\u00f1os y el excelente nivel de nuestra ense\u00f1anza nos han distinguido como un centro educativo de alto desempe\u00f1o, y se ha cristalizado en nuestro:<\/p>\n<h2 style=\"text-align: justify;\">TEACHER\u00b4S DIPLOMA\u00a0COURSE &amp; TKT<\/h2>\n<p style=\"text-align: justify;\">Este curso est\u00e1 dirigido a personas con un buen dominio del idioma ingl\u00e9s, pero que adem\u00e1s desean aprender a ense\u00f1ar, o bien a profesores de ingl\u00e9s que quieren mejorar sus t\u00e9cnicas de ense\u00f1anza. A diferencia de otras escuelas, este curso es impartido por profesionales de la ense\u00f1anza.<\/p>\n<p style=\"text-align: justify;\">Los requisitos para entrar a este curso son:<br \/>\n1.- Tener un m\u00ednimo de 16 a\u00f1os.<br \/>\n2.- Haber terminado por lo menos el primer a\u00f1o de la preparatoria.<br \/>\n3.- Comprobar un muy buen nivel de ingl\u00e9s (oral, escrito y de gram\u00e1tica) con un examen de colocaci\u00f3n. Para tomar este examen es necesario hacer cita en los meses de\u00a0<strong>mayo, junio o julio.<\/strong><br \/>\n4.- Tener experiencia en la ense\u00f1anza o una gran motivaci\u00f3n para ser maestro de ingl\u00e9s.<br \/>\n5.- Tener suficiente tiempo para preparar presentaciones, hacer tareas y observar clases.<\/p>\n<p style=\"text-align: justify;\"><strong>DESCRPICION DEL CURSO:<\/strong><br \/>\nEs la preparaci\u00f3n para maestros de ingl\u00e9s con pr\u00e1cticas reales en los salones del American English Club, junto con la preparaci\u00f3n para el examen TKT, que es la parte te\u00f3rica del curso, en un solo programa de nueve meses. Son dos cursos combinados en uno. Es un diplomado de 155 horas con validez oficial, con n\u00famero de registro: 17DAP04204. Al t\u00e9rmino de este curso, los estudiantes que lo aprueben tendr\u00e1n derecho a un diploma con sellos y firmas de la Secretar\u00eda de Educaci\u00f3n P\u00fablica del Estado de Morelos y de la Instituci\u00f3n Educativa.<\/p>\n<p>Por ser un curso pr\u00e1ctico en su mayor\u00eda, este curso se imparte exclusivamente en modalidad <span style=\"color: #0000ff;\">presencial.<\/span><\/p>\n<p>&nbsp;<\/p>\n<p style=\"text-align: justify;\"><strong>TEACHER\u00b4S DIPLOMA COURSE<\/strong><br \/>\n<strong>Un verdadero orgullo del<\/strong><br \/>\n<strong>AMERICAN ENGLISH CLUB<br \/>\nM\u00c1S DE 59 A\u00d1OS DE EXPERIENCIA<\/strong><\/p>\n<div id=\"kad-wp-gallery60\" class=\"kad-wp-gallery kad-light-wp-gallery clearfix kt-gallery-column-3 rowtight\"><div class=\"tcol-lg-4 tcol-md-4 tcol-sm-4 tcol-xs-6 tcol-ss-12 g_item\"><div class=\"grid_item kad_gallery_fade_in gallery_item\"><a href=\"https:\/\/amerclub.com\/escueladeingles\/wp-content\/uploads\/2014\/06\/teachers2.jpg\" data-rel=\"lightbox\" class=\"lightboxhover\"><img src=\"https:\/\/amerclub.com\/escueladeingles\/wp-content\/uploads\/2014\/06\/teachers2-400x400.jpg\" width=\"400\" height=\"400\" alt=\"\" srcset=\"https:\/\/amerclub.com\/escueladeingles\/wp-content\/uploads\/2014\/06\/teachers2-400x400.jpg 400w, https:\/\/amerclub.com\/escueladeingles\/wp-content\/uploads\/2014\/06\/teachers2-150x150.jpg 150w\" sizes=\"(max-width: 400px) 100vw, 400px\" class=\"light-dropshaddow\"\/><\/a><\/div><\/div><div class=\"tcol-lg-4 tcol-md-4 tcol-sm-4 tcol-xs-6 tcol-ss-12 g_item\"><div class=\"grid_item kad_gallery_fade_in gallery_item\"><a href=\"https:\/\/amerclub.com\/escueladeingles\/wp-content\/uploads\/2014\/06\/teachers1.jpg\" data-rel=\"lightbox\" class=\"lightboxhover\"><img src=\"https:\/\/amerclub.com\/escueladeingles\/wp-content\/uploads\/2014\/06\/teachers1-400x400.jpg\" width=\"400\" height=\"400\" alt=\"\" srcset=\"https:\/\/amerclub.com\/escueladeingles\/wp-content\/uploads\/2014\/06\/teachers1-400x400.jpg 400w, https:\/\/amerclub.com\/escueladeingles\/wp-content\/uploads\/2014\/06\/teachers1-150x150.jpg 150w\" sizes=\"(max-width: 400px) 100vw, 400px\" class=\"light-dropshaddow\"\/><\/a><\/div><\/div><\/div>\n","protected":false},"excerpt":{"rendered":"<p>\u00danica modalidad presencial. Este diplomado tiene validez oficial. No. de registro 17DAPO4204. La experiencia de m\u00e1s de 59 a\u00f1os y el excelente nivel de nuestra ense\u00f1anza nos han distinguido como un centro educativo de alto desempe\u00f1o, y se ha cristalizado &hellip; <a href=\"https:\/\/amerclub.com\/escueladeingles\/teachers-diploma-course\/\">Continued<\/a><\/p>\n","protected":false},"author":1,"featured_media":0,"parent":0,"menu_order":0,"comment_status":"closed","ping_status":"closed","template":"","meta":{"kt_blocks_editor_width":""},"kb_featured_image_src_large":false,"kb_author_info":{"display_name":"admin","author_link":"https:\/\/amerclub.com\/escueladeingles\/author\/admin\/","author_image":"https:\/\/secure.gravatar.com\/avatar\/fccfe3b752fc514b34d218794eeefff3?s=96&d=mm&r=g"},"kb_comment_info":0,"_links":{"self":[{"href":"https:\/\/amerclub.com\/escueladeingles\/wp-json\/wp\/v2\/pages\/17"}],"collection":[{"href":"https:\/\/amerclub.com\/escueladeingles\/wp-json\/wp\/v2\/pages"}],"about":[{"href":"https:\/\/amerclub.com\/escueladeingles\/wp-json\/wp\/v2\/types\/page"}],"author":[{"embeddable":true,"href":"https:\/\/amerclub.com\/escueladeingles\/wp-json\/wp\/v2\/users\/1"}],"replies":[{"embeddable":true,"href":"https:\/\/amerclub.com\/escueladeingles\/wp-json\/wp\/v2\/comments?post=17"}],"version-history":[{"count":21,"href":"https:\/\/amerclub.com\/escueladeingles\/wp-json\/wp\/v2\/pages\/17\/revisions"}],"predecessor-version":[{"id":736,"href":"https:\/\/amerclub.com\/escueladeingles\/wp-json\/wp\/v2\/pages\/17\/revisions\/736"}],"wp:attachment":[{"href":"https:\/\/amerclub.com\/escueladeingles\/wp-json\/wp\/v2\/media?parent=17"}],"curies":[{"name":"wp","href":"https:\/\/api.w.org\/{rel}","templated":true}]}}