{"id":156,"date":"2014-06-29T04:27:05","date_gmt":"2014-06-29T04:27:05","guid":{"rendered":"http:\/\/amerclub.com\/escueladeingles\/?page_id=156"},"modified":"2019-05-17T12:21:12","modified_gmt":"2019-05-17T17:21:12","slug":"especiales","status":"publish","type":"page","link":"https:\/\/amerclub.com\/escueladeingles\/especiales\/","title":{"rendered":"Especiales"},"content":{"rendered":"<p>Ofrecemos servicios especiales como ex\u00e1menes de admisi\u00f3n (ubicaci\u00f3n) sin costo. Ayuda extra de forma individual, prestamos de libros de lectura, Clases particulares, preparaci\u00f3n para el TOEFL y cursos para empresas.<\/p>\n<ul>\n<li><a title=\"Examenes\" href=\"http:\/\/amerclub.com\/escueladeingles\/examenes\/\"><strong>Ex\u00e1menes de admisi\u00f3n<\/strong><\/a><\/li>\n<li><a title=\"Clases Particulares\" href=\"http:\/\/amerclub.com\/escueladeingles\/clases-particulares\/\"><strong>Clases Particulares<\/strong><\/a><\/li>\n<li><a title=\"TOEFL\" href=\"http:\/\/amerclub.com\/escueladeingles\/toefl\/\"><strong>Preparaci\u00f3n para el TOEFL<\/strong><\/a><\/li>\n<li><a title=\"Empresas\" href=\"http:\/\/amerclub.com\/escueladeingles\/empresas\/\"><strong>Cursos para empresas<\/strong><\/a><\/li>\n<li><strong><a href=\"http:\/\/amerclub.com\/escueladeingles\/especiales\/conversacion\/\">Curso de Conversaci\u00f3n<\/a><\/strong><\/li>\n<\/ul>\n<p>&nbsp;<\/p>\n<figure id=\"attachment_125\" class=\"thumbnail wp-caption aligncenter\" style=\"width: 640px\"><a href=\"http:\/\/amerclub.com\/escueladeingles\/wp-content\/uploads\/2014\/06\/jovenes04.jpg\"><img loading=\"lazy\" class=\"size-full wp-image-125\" src=\"http:\/\/amerclub.com\/escueladeingles\/wp-content\/uploads\/2014\/06\/jovenes04.jpg\" alt=\"Adultos\" width=\"640\" height=\"427\" srcset=\"https:\/\/amerclub.com\/escueladeingles\/wp-content\/uploads\/2014\/06\/jovenes04.jpg 640w, https:\/\/amerclub.com\/escueladeingles\/wp-content\/uploads\/2014\/06\/jovenes04-300x200.jpg 300w\" sizes=\"(max-width: 640px) 100vw, 640px\" \/><\/a><figcaption class=\"caption wp-caption-text\">Adultos<\/figcaption><\/figure>\n","protected":false},"excerpt":{"rendered":"<p>Ofrecemos servicios especiales como ex\u00e1menes de admisi\u00f3n (ubicaci\u00f3n) sin costo. Ayuda extra de forma individual, prestamos de libros de lectura, Clases particulares, preparaci\u00f3n para el TOEFL y cursos para empresas. Ex\u00e1menes de admisi\u00f3n Clases Particulares Preparaci\u00f3n para el TOEFL Cursos &hellip; <a href=\"https:\/\/amerclub.com\/escueladeingles\/especiales\/\">Continued<\/a><\/p>\n","protected":false},"author":1,"featured_media":0,"parent":0,"menu_order":0,"comment_status":"closed","ping_status":"closed","template":"","meta":{"kt_blocks_editor_width":""},"kb_featured_image_src_large":false,"kb_author_info":{"display_name":"admin","author_link":"https:\/\/amerclub.com\/escueladeingles\/author\/admin\/","author_image":"https:\/\/secure.gravatar.com\/avatar\/fccfe3b752fc514b34d218794eeefff3?s=96&d=mm&r=g"},"kb_comment_info":0,"_links":{"self":[{"href":"https:\/\/amerclub.com\/escueladeingles\/wp-json\/wp\/v2\/pages\/156"}],"collection":[{"href":"https:\/\/amerclub.com\/escueladeingles\/wp-json\/wp\/v2\/pages"}],"about":[{"href":"https:\/\/amerclub.com\/escueladeingles\/wp-json\/wp\/v2\/types\/page"}],"author":[{"embeddable":true,"href":"https:\/\/amerclub.com\/escueladeingles\/wp-json\/wp\/v2\/users\/1"}],"replies":[{"embeddable":true,"href":"https:\/\/amerclub.com\/escueladeingles\/wp-json\/wp\/v2\/comments?post=156"}],"version-history":[{"count":4,"href":"https:\/\/amerclub.com\/escueladeingles\/wp-json\/wp\/v2\/pages\/156\/revisions"}],"predecessor-version":[{"id":420,"href":"https:\/\/amerclub.com\/escueladeingles\/wp-json\/wp\/v2\/pages\/156\/revisions\/420"}],"wp:attachment":[{"href":"https:\/\/amerclub.com\/escueladeingles\/wp-json\/wp\/v2\/media?parent=156"}],"curies":[{"name":"wp","href":"https:\/\/api.w.org\/{rel}","templated":true}]}}