{"id":123,"date":"2014-06-28T23:27:34","date_gmt":"2014-06-28T23:27:34","guid":{"rendered":"http:\/\/amerclub.com\/escueladeingles\/?page_id=123"},"modified":"2025-06-05T13:10:50","modified_gmt":"2025-06-05T19:10:50","slug":"cursos","status":"publish","type":"page","link":"https:\/\/amerclub.com\/escueladeingles\/cursos\/","title":{"rendered":"Cursos"},"content":{"rendered":"<h4>En American English Club, tenemos cursos para todas las edades, cursos especiales y servicios particulares.<\/h4>\n<p><img loading=\"lazy\" class=\"aligncenter wp-image-1251 size-full\" src=\"http:\/\/amerclub.com\/escueladeingles\/wp-content\/uploads\/2024\/05\/HORARIOS-NUEVOS.png\" alt=\"\" width=\"746\" height=\"720\" srcset=\"https:\/\/amerclub.com\/escueladeingles\/wp-content\/uploads\/2024\/05\/HORARIOS-NUEVOS.png 746w, https:\/\/amerclub.com\/escueladeingles\/wp-content\/uploads\/2024\/05\/HORARIOS-NUEVOS-300x290.png 300w\" sizes=\"(max-width: 746px) 100vw, 746px\" \/><\/p>\n<ul>\n<li><a title=\"Cursos de Ingl\u00e9s para ni\u00f1os\" href=\"http:\/\/amerclub.com\/escueladeingles\/cursos\/cursos-de-ingles-para-ninos\/\"><strong>Cursos infantiles<\/strong><\/a><\/li>\n<li><a title=\"Cursos de Ingl\u00e9s para J\u00f3venes y Adultos\" href=\"http:\/\/amerclub.com\/escueladeingles\/cursos\/cursos-de-ingles-para-jovenes-y-adultos\/\"><strong>Cursos para j\u00f3venes y adultos<\/strong><\/a><\/li>\n<li><a title=\"Cursos Sabatinos para J\u00f3venes y adultos\" href=\"http:\/\/amerclub.com\/escueladeingles\/cursos\/cursos-sabatinos-para-jovenes-y-adultos\/\"><strong>Cursos Sabatinos para j\u00f3venes y adultos<\/strong><\/a><\/li>\n<li><a href=\"http:\/\/amerclub.com\/escueladeingles\/cursos\/curso-de-verano\/\"><strong>Curso de verano para NI\u00d1OS Y j\u00f3venes<\/strong><\/a><\/li>\n<\/ul>\n<div id=\"kad-wp-gallery48\" class=\"kad-wp-gallery kad-light-wp-gallery clearfix kt-gallery-column-3 rowtight\"><div class=\"tcol-lg-4 tcol-md-4 tcol-sm-4 tcol-xs-6 tcol-ss-12 g_item\"><div class=\"grid_item kad_gallery_fade_in gallery_item\"><a href=\"https:\/\/amerclub.com\/escueladeingles\/wp-content\/uploads\/2014\/06\/cursosinfantiles01.jpg\" data-rel=\"lightbox\" class=\"lightboxhover\"><img src=\"https:\/\/amerclub.com\/escueladeingles\/wp-content\/uploads\/2014\/06\/cursosinfantiles01-400x400.jpg\" width=\"400\" height=\"400\" alt=\"Infantiles\" srcset=\"https:\/\/amerclub.com\/escueladeingles\/wp-content\/uploads\/2014\/06\/cursosinfantiles01-400x400.jpg 400w, https:\/\/amerclub.com\/escueladeingles\/wp-content\/uploads\/2014\/06\/cursosinfantiles01-150x150.jpg 150w\" sizes=\"(max-width: 400px) 100vw, 400px\" class=\"light-dropshaddow\"\/><\/a><\/div><\/div><div class=\"tcol-lg-4 tcol-md-4 tcol-sm-4 tcol-xs-6 tcol-ss-12 g_item\"><div class=\"grid_item kad_gallery_fade_in gallery_item\"><a href=\"https:\/\/amerclub.com\/escueladeingles\/wp-content\/uploads\/2014\/06\/jovenes01.jpg\" data-rel=\"lightbox\" class=\"lightboxhover\"><img src=\"https:\/\/amerclub.com\/escueladeingles\/wp-content\/uploads\/2014\/06\/jovenes01-400x400.jpg\" width=\"400\" height=\"400\" alt=\"J\u00f3venes\" srcset=\"https:\/\/amerclub.com\/escueladeingles\/wp-content\/uploads\/2014\/06\/jovenes01-400x400.jpg 400w, https:\/\/amerclub.com\/escueladeingles\/wp-content\/uploads\/2014\/06\/jovenes01-150x150.jpg 150w\" sizes=\"(max-width: 400px) 100vw, 400px\" class=\"light-dropshaddow\"\/><\/a><\/div><\/div><div class=\"tcol-lg-4 tcol-md-4 tcol-sm-4 tcol-xs-6 tcol-ss-12 g_item\"><div class=\"grid_item kad_gallery_fade_in gallery_item\"><a href=\"https:\/\/amerclub.com\/escueladeingles\/wp-content\/uploads\/2014\/06\/jovenes04.jpg\" data-rel=\"lightbox\" class=\"lightboxhover\"><img src=\"https:\/\/amerclub.com\/escueladeingles\/wp-content\/uploads\/2014\/06\/jovenes04-400x400.jpg\" width=\"400\" height=\"400\" alt=\"Adultos\" srcset=\"https:\/\/amerclub.com\/escueladeingles\/wp-content\/uploads\/2014\/06\/jovenes04-400x400.jpg 400w, https:\/\/amerclub.com\/escueladeingles\/wp-content\/uploads\/2014\/06\/jovenes04-150x150.jpg 150w\" sizes=\"(max-width: 400px) 100vw, 400px\" class=\"light-dropshaddow\"\/><\/a><\/div><\/div><\/div>\n","protected":false},"excerpt":{"rendered":"<p>En American English Club, tenemos cursos para todas las edades, cursos especiales y servicios particulares. Cursos infantiles Cursos para j\u00f3venes y adultos Cursos Sabatinos para j\u00f3venes y adultos Curso de verano para NI\u00d1OS Y j\u00f3venes<\/p>\n","protected":false},"author":1,"featured_media":0,"parent":0,"menu_order":0,"comment_status":"closed","ping_status":"closed","template":"page-feature-sidebar.php","meta":{"kt_blocks_editor_width":""},"kb_featured_image_src_large":false,"kb_author_info":{"display_name":"admin","author_link":"https:\/\/amerclub.com\/escueladeingles\/author\/admin\/","author_image":"https:\/\/secure.gravatar.com\/avatar\/fccfe3b752fc514b34d218794eeefff3?s=96&d=mm&r=g"},"kb_comment_info":0,"_links":{"self":[{"href":"https:\/\/amerclub.com\/escueladeingles\/wp-json\/wp\/v2\/pages\/123"}],"collection":[{"href":"https:\/\/amerclub.com\/escueladeingles\/wp-json\/wp\/v2\/pages"}],"about":[{"href":"https:\/\/amerclub.com\/escueladeingles\/wp-json\/wp\/v2\/types\/page"}],"author":[{"embeddable":true,"href":"https:\/\/amerclub.com\/escueladeingles\/wp-json\/wp\/v2\/users\/1"}],"replies":[{"embeddable":true,"href":"https:\/\/amerclub.com\/escueladeingles\/wp-json\/wp\/v2\/comments?post=123"}],"version-history":[{"count":14,"href":"https:\/\/amerclub.com\/escueladeingles\/wp-json\/wp\/v2\/pages\/123\/revisions"}],"predecessor-version":[{"id":1415,"href":"https:\/\/amerclub.com\/escueladeingles\/wp-json\/wp\/v2\/pages\/123\/revisions\/1415"}],"wp:attachment":[{"href":"https:\/\/amerclub.com\/escueladeingles\/wp-json\/wp\/v2\/media?parent=123"}],"curies":[{"name":"wp","href":"https:\/\/api.w.org\/{rel}","templated":true}]}}